{"id":66,"date":"2024-03-20T23:46:02","date_gmt":"2024-03-20T20:46:02","guid":{"rendered":"https:\/\/wouldyoumindset.com\/?page_id=66"},"modified":"2026-01-10T21:02:43","modified_gmt":"2026-01-10T18:02:43","slug":"yayginlastiricilar","status":"publish","type":"page","link":"https:\/\/wouldyoumindset.com\/en\/yayginlastiricilar\/","title":{"rendered":"Disseminators"},"content":{"rendered":"<div data-elementor-type=\"wp-page\" data-elementor-id=\"66\" class=\"elementor elementor-66\">\n\t\t\t\t<div class=\"elementor-element elementor-element-c5e70ad e-flex e-con-boxed e-con e-parent\" data-id=\"c5e70ad\" data-element_type=\"container\" data-e-type=\"container\" data-settings=\"{&quot;background_background&quot;:&quot;classic&quot;}\">\n\t\t\t\t\t<div class=\"e-con-inner\">\n\t\t<div class=\"elementor-element elementor-element-202400f1 e-flex e-con-boxed e-con e-child\" data-id=\"202400f1\" data-element_type=\"container\" data-e-type=\"container\">\n\t\t\t\t\t<div class=\"e-con-inner\">\n\t\t\t\t<div class=\"elementor-element elementor-element-531aa037 elementor-widget elementor-widget-heading\" data-id=\"531aa037\" data-element_type=\"widget\" data-e-type=\"widget\" data-widget_type=\"heading.default\">\n\t\t\t\t<div class=\"elementor-widget-container\">\n\t\t\t\t\t<h1 class=\"elementor-heading-title elementor-size-default\">Disseminators - T\u00fcrkiye<\/h1>\t\t\t\t<\/div>\n\t\t\t\t<\/div>\n\t\t\t\t\t<\/div>\n\t\t\t\t<\/div>\n\t\t\t\t\t<\/div>\n\t\t\t\t<\/div>\n\t\t<div class=\"elementor-element elementor-element-2bae0734 e-flex e-con-boxed e-con e-parent\" data-id=\"2bae0734\" data-element_type=\"container\" data-e-type=\"container\">\n\t\t\t\t\t<div class=\"e-con-inner\">\n\t\t<div class=\"elementor-element elementor-element-1b32fac3 e-grid e-con-boxed e-con e-child\" data-id=\"1b32fac3\" data-element_type=\"container\" data-e-type=\"container\">\n\t\t\t\t\t<div class=\"e-con-inner\">\n\t\t<div class=\"elementor-element elementor-element-6de8e49 e-con-full e-flex e-con e-child\" data-id=\"6de8e49\" data-element_type=\"container\" data-e-type=\"container\">\n\t\t\t\t<div class=\"elementor-element elementor-element-5a72b83 elementor-widget elementor-widget-video\" data-id=\"5a72b83\" data-element_type=\"widget\" data-e-type=\"widget\" data-settings=\"{&quot;video_type&quot;:&quot;vimeo&quot;}\" data-widget_type=\"video.default\">\n\t\t\t\t<div class=\"elementor-widget-container\">\n\t\t\t\t\t\t\t<div class=\"elementor-wrapper elementor-open-inline\">\n\t\t\t<iframe class=\"elementor-video-iframe\" allowfullscreen allow=\"clipboard-write\" title=\"vimeo Video Oynat\u0131c\u0131\" src=\"https:\/\/player.vimeo.com\/video\/958984502?color&amp;autopause=0&amp;loop=0&amp;muted=0&amp;title=1&amp;portrait=1&amp;byline=1#t=\"><\/iframe>\t\t<\/div>\n\t\t\t\t\t\t<\/div>\n\t\t\t\t<\/div>\n\t\t\t\t<\/div>\n\t\t\t\t<div class=\"elementor-element elementor-element-5e61b612 elementor-widget elementor-widget-eael-image-accordion\" data-id=\"5e61b612\" data-element_type=\"widget\" data-e-type=\"widget\" data-widget_type=\"eael-image-accordion.default\">\n\t\t\t\t<div class=\"elementor-widget-container\">\n\t\t\t\t\t    <div class=\"eael-img-accordion accordion-direction-horizontal eael-img-accordion-horizontal-align-center eael-img-accordion-vertical-align-center\" id=\"eael-img-accordion-5e61b612\" data-img-accordion-id=\"5e61b612\" data-img-accordion-type=\"on-click\">\n                    \n            <div class=\"eael-image-accordion-hover eael-image-accordion-item overlay-active\" style=\"background-image: url(http:\/\/wouldyoumindset.com\/wp-content\/uploads\/2024\/03\/WhatsApp-Image-2024-03-28-at-12.29.53-PM-scaled.jpeg); flex: 3 1 0%;\"  tabindex=\"0\">\n                <div class=\"overlay\">\n                                        <div class=\"overlay-inner  overlay-inner-show\">\n                        <a href=\"https:\/\/wouldyoumindset.com\/wp-content\/uploads\/2024\/03\/tanitimmateryal.jpeg?_t=1711618363\"><h2 class=\"img-accordion-title\">Promotional Materials<\/h2><\/a>                    <\/div>\n                <\/div>\n            <\/div>\n                <\/div>\n        \t\t\t\t<\/div>\n\t\t\t\t<\/div>\n\t\t\t\t<div class=\"elementor-element elementor-element-5ee3f6b elementor-widget elementor-widget-eael-image-accordion\" data-id=\"5ee3f6b\" data-element_type=\"widget\" data-e-type=\"widget\" data-widget_type=\"eael-image-accordion.default\">\n\t\t\t\t<div class=\"elementor-widget-container\">\n\t\t\t\t\t    <div class=\"eael-img-accordion accordion-direction-horizontal eael-img-accordion-horizontal-align-center eael-img-accordion-vertical-align-center\" id=\"eael-img-accordion-5ee3f6b\" data-img-accordion-id=\"5ee3f6b\" data-img-accordion-type=\"on-click\">\n                    \n            <div class=\"eael-image-accordion-hover eael-image-accordion-item overlay-active\" style=\"background-image: url(http:\/\/wouldyoumindset.com\/wp-content\/uploads\/2024\/03\/Calisma-Yuzeyi-4@3x.png); flex: 3 1 0%;\"  tabindex=\"0\">\n                <div class=\"overlay\">\n                                        <div class=\"overlay-inner  overlay-inner-show\">\n                        <a href=\"https:\/\/wouldyoumindset.com\/wp-content\/uploads\/2024\/03\/Calisma-Yuzeyi-4%403x-1448x2048.png?_t=1711457885\"><h2 class=\"img-accordion-title\">Banner<\/h2><\/a>                    <\/div>\n                <\/div>\n            <\/div>\n                <\/div>\n        \t\t\t\t<\/div>\n\t\t\t\t<\/div>\n\t\t\t\t<div class=\"elementor-element elementor-element-bc519e4 elementor-widget elementor-widget-eael-image-accordion\" data-id=\"bc519e4\" data-element_type=\"widget\" data-e-type=\"widget\" data-widget_type=\"eael-image-accordion.default\">\n\t\t\t\t<div class=\"elementor-widget-container\">\n\t\t\t\t\t    <div class=\"eael-img-accordion accordion-direction-horizontal eael-img-accordion-horizontal-align-center eael-img-accordion-vertical-align-center\" id=\"eael-img-accordion-bc519e4\" data-img-accordion-id=\"bc519e4\" data-img-accordion-type=\"on-click\">\n                    \n            <div class=\"eael-image-accordion-hover eael-image-accordion-item overlay-active\" style=\"background-image: url(http:\/\/wouldyoumindset.com\/wp-content\/uploads\/2024\/03\/Calisma-Yuzeyi-1@3x.png); flex: 3 1 0%;\"  tabindex=\"0\">\n                <div class=\"overlay\">\n                                        <div class=\"overlay-inner  overlay-inner-show\">\n                        <a href=\"https:\/\/wouldyoumindset.com\/wp-content\/uploads\/2024\/03\/Calisma-Yuzeyi-1%403x-2048x1442.png?_t=1711457859\"><h2 class=\"img-accordion-title\">Brochure-1<\/h2><\/a>                    <\/div>\n                <\/div>\n            <\/div>\n                <\/div>\n        \t\t\t\t<\/div>\n\t\t\t\t<\/div>\n\t\t\t\t<div class=\"elementor-element elementor-element-a16f0f8 elementor-widget elementor-widget-eael-image-accordion\" data-id=\"a16f0f8\" data-element_type=\"widget\" data-e-type=\"widget\" data-widget_type=\"eael-image-accordion.default\">\n\t\t\t\t<div class=\"elementor-widget-container\">\n\t\t\t\t\t    <div class=\"eael-img-accordion accordion-direction-horizontal eael-img-accordion-horizontal-align-center eael-img-accordion-vertical-align-center\" id=\"eael-img-accordion-a16f0f8\" data-img-accordion-id=\"a16f0f8\" data-img-accordion-type=\"on-click\">\n                    \n            <div class=\"eael-image-accordion-hover eael-image-accordion-item overlay-active\" style=\"background-image: url(http:\/\/wouldyoumindset.com\/wp-content\/uploads\/2024\/03\/Calisma-Yuzeyi-1_1@3x.png); flex: 3 1 0%;\"  tabindex=\"0\">\n                <div class=\"overlay\">\n                                        <div class=\"overlay-inner  overlay-inner-show\">\n                        <a href=\"https:\/\/wouldyoumindset.com\/wp-content\/uploads\/2024\/03\/Calisma-Yuzeyi-1_1%403x-2048x1441.png?_t=1711457851\"><h2 class=\"img-accordion-title\">Brochure-2<\/h2><\/a>                    <\/div>\n                <\/div>\n            <\/div>\n                <\/div>\n        \t\t\t\t<\/div>\n\t\t\t\t<\/div>\n\t\t\t\t<div class=\"elementor-element elementor-element-1fbbeb9 elementor-widget elementor-widget-eael-image-accordion\" data-id=\"1fbbeb9\" data-element_type=\"widget\" data-e-type=\"widget\" data-widget_type=\"eael-image-accordion.default\">\n\t\t\t\t<div class=\"elementor-widget-container\">\n\t\t\t\t\t    <div class=\"eael-img-accordion accordion-direction-horizontal eael-img-accordion-horizontal-align-center eael-img-accordion-vertical-align-center\" id=\"eael-img-accordion-1fbbeb9\" data-img-accordion-id=\"1fbbeb9\" data-img-accordion-type=\"on-click\">\n                    \n            <div class=\"eael-image-accordion-hover eael-image-accordion-item overlay-active\" style=\"background-image: url(http:\/\/wouldyoumindset.com\/wp-content\/uploads\/2024\/03\/Calisma-Yuzeyi-3@3x.png); flex: 3 1 0%;\"  tabindex=\"0\">\n                <div class=\"overlay\">\n                                        <div class=\"overlay-inner  overlay-inner-show\">\n                        <a href=\"https:\/\/wouldyoumindset.com\/wp-content\/uploads\/2024\/03\/Calisma-Yuzeyi-3%403x-1408x2048.png?_t=1711457868\"><h2 class=\"img-accordion-title\">Introductory Paper<\/h2><\/a>                    <\/div>\n                <\/div>\n            <\/div>\n                <\/div>\n        \t\t\t\t<\/div>\n\t\t\t\t<\/div>\n\t\t\t\t\t<\/div>\n\t\t\t\t<\/div>\n\t\t\t\t\t<\/div>\n\t\t\t\t<\/div>\n\t\t\t\t<\/div>","protected":false},"excerpt":{"rendered":"<p>Yayg\u0131nla\u015ft\u0131r\u0131c\u0131lar &#8211; T\u00fcrkiye Tan\u0131t\u0131m Materyalleri Afi\u015f Bro\u015f\u00fcr-1 Bro\u015f\u00fcr-2 Tan\u0131t\u0131m Ka\u011f\u0131d\u0131<\/p>","protected":false},"author":1,"featured_media":0,"parent":0,"menu_order":0,"comment_status":"closed","ping_status":"closed","template":"","meta":{"_eb_attr":"","footnotes":""},"class_list":["post-66","page","type-page","status-publish","hentry"],"_links":{"self":[{"href":"https:\/\/wouldyoumindset.com\/en\/wp-json\/wp\/v2\/pages\/66","targetHints":{"allow":["GET"]}}],"collection":[{"href":"https:\/\/wouldyoumindset.com\/en\/wp-json\/wp\/v2\/pages"}],"about":[{"href":"https:\/\/wouldyoumindset.com\/en\/wp-json\/wp\/v2\/types\/page"}],"author":[{"embeddable":true,"href":"https:\/\/wouldyoumindset.com\/en\/wp-json\/wp\/v2\/users\/1"}],"replies":[{"embeddable":true,"href":"https:\/\/wouldyoumindset.com\/en\/wp-json\/wp\/v2\/comments?post=66"}],"version-history":[{"count":35,"href":"https:\/\/wouldyoumindset.com\/en\/wp-json\/wp\/v2\/pages\/66\/revisions"}],"predecessor-version":[{"id":5077,"href":"https:\/\/wouldyoumindset.com\/en\/wp-json\/wp\/v2\/pages\/66\/revisions\/5077"}],"wp:attachment":[{"href":"https:\/\/wouldyoumindset.com\/en\/wp-json\/wp\/v2\/media?parent=66"}],"curies":[{"name":"wp","href":"https:\/\/api.w.org\/{rel}","templated":true}]}}