{"id":58,"date":"2024-03-20T23:45:38","date_gmt":"2024-03-20T20:45:38","guid":{"rendered":"https:\/\/wouldyoumindset.com\/?page_id=58"},"modified":"2026-01-23T01:13:37","modified_gmt":"2026-01-22T22:13:37","slug":"dijital-platform","status":"publish","type":"page","link":"https:\/\/wouldyoumindset.com\/en\/dijital-platform\/","title":{"rendered":"Dijital Platform"},"content":{"rendered":"<div data-elementor-type=\"wp-page\" data-elementor-id=\"58\" class=\"elementor elementor-58\">\n\t\t\t\t<div class=\"elementor-element elementor-element-4d568c4 e-con-full e-flex e-con e-parent\" data-id=\"4d568c4\" data-element_type=\"container\" data-e-type=\"container\">\n\t\t<div class=\"elementor-element elementor-element-1e6da8b e-con-full e-flex e-con e-child\" data-id=\"1e6da8b\" data-element_type=\"container\" data-e-type=\"container\">\n\t\t\t\t<div class=\"elementor-element elementor-element-45e05ab elementor-widget elementor-widget-heading\" data-id=\"45e05ab\" data-element_type=\"widget\" data-e-type=\"widget\" data-widget_type=\"heading.default\">\n\t\t\t\t<div class=\"elementor-widget-container\">\n\t\t\t\t\t<h2 class=\"elementor-heading-title elementor-size-default\">Digital Mindset Platform<\/h2>\t\t\t\t<\/div>\n\t\t\t\t<\/div>\n\t\t\t\t<div class=\"elementor-element elementor-element-d2f1791 elementor-widget__width-initial elementor-widget elementor-widget-heading\" data-id=\"d2f1791\" data-element_type=\"widget\" data-e-type=\"widget\" data-widget_type=\"heading.default\">\n\t\t\t\t<div class=\"elementor-widget-container\">\n\t\t\t\t\t<p class=\"elementor-heading-title elementor-size-default\">\nThis platform has been designed to support your educational journey. We offer modules for teachers focused<br>on professional development and classroom practices, as well as step-by-step content for students to <br>strengthen their learning process. Please select the appropriate login section to begin your own journey.<\/p>\t\t\t\t<\/div>\n\t\t\t\t<\/div>\n\t\t\t\t<\/div>\n\t\t<div class=\"elementor-element elementor-element-4308869 e-con-full e-flex e-con e-child\" data-id=\"4308869\" data-element_type=\"container\" data-e-type=\"container\">\n\t\t<div class=\"elementor-element elementor-element-8c32762 e-con-full e-grid e-con e-child\" data-id=\"8c32762\" data-element_type=\"container\" data-e-type=\"container\" data-settings=\"{&quot;background_background&quot;:&quot;classic&quot;}\">\n\t\t\t\t<div class=\"elementor-element elementor-element-ef1d252 elementor-widget elementor-widget-image\" data-id=\"ef1d252\" data-element_type=\"widget\" data-e-type=\"widget\" data-widget_type=\"image.default\">\n\t\t\t\t<div class=\"elementor-widget-container\">\n\t\t\t\t\t\t\t\t\t\t\t\t\t\t\t<img decoding=\"async\" src=\"https:\/\/wouldyoumindset.com\/wp-content\/uploads\/2026\/01\/Frame-8.png\" title=\"Frame 8\" alt=\"Frame 8\" loading=\"lazy\" \/>\t\t\t\t\t\t\t\t\t\t\t\t\t\t\t<\/div>\n\t\t\t\t<\/div>\n\t\t\t\t<div class=\"elementor-element elementor-element-3d5cd82 elementor-widget elementor-widget-heading\" data-id=\"3d5cd82\" data-element_type=\"widget\" data-e-type=\"widget\" data-widget_type=\"heading.default\">\n\t\t\t\t<div class=\"elementor-widget-container\">\n\t\t\t\t\t<p class=\"elementor-heading-title elementor-size-default\">10 Modules<\/p>\t\t\t\t<\/div>\n\t\t\t\t<\/div>\n\t\t\t\t<\/div>\n\t\t<div class=\"elementor-element elementor-element-b2d2205 e-con-full e-grid e-con e-child\" data-id=\"b2d2205\" data-element_type=\"container\" data-e-type=\"container\" data-settings=\"{&quot;background_background&quot;:&quot;classic&quot;}\">\n\t\t\t\t<div class=\"elementor-element elementor-element-545cff8 elementor-widget elementor-widget-image\" data-id=\"545cff8\" data-element_type=\"widget\" data-e-type=\"widget\" data-widget_type=\"image.default\">\n\t\t\t\t<div class=\"elementor-widget-container\">\n\t\t\t\t\t\t\t\t\t\t\t\t\t\t\t<img decoding=\"async\" src=\"https:\/\/wouldyoumindset.com\/wp-content\/uploads\/2026\/01\/Frame-8-1.png\" title=\"Frame 8 (1)\" alt=\"Frame 8 (1)\" loading=\"lazy\" \/>\t\t\t\t\t\t\t\t\t\t\t\t\t\t\t<\/div>\n\t\t\t\t<\/div>\n\t\t\t\t<div class=\"elementor-element elementor-element-d7bc852 elementor-widget elementor-widget-heading\" data-id=\"d7bc852\" data-element_type=\"widget\" data-e-type=\"widget\" data-widget_type=\"heading.default\">\n\t\t\t\t<div class=\"elementor-widget-container\">\n\t\t\t\t\t<p class=\"elementor-heading-title elementor-size-default\">19 Subjects<\/p>\t\t\t\t<\/div>\n\t\t\t\t<\/div>\n\t\t\t\t<\/div>\n\t\t<div class=\"elementor-element elementor-element-109a5e6 e-con-full e-grid e-con e-child\" data-id=\"109a5e6\" data-element_type=\"container\" data-e-type=\"container\" data-settings=\"{&quot;background_background&quot;:&quot;classic&quot;}\">\n\t\t\t\t<div class=\"elementor-element elementor-element-dc5f3a6 elementor-widget elementor-widget-image\" data-id=\"dc5f3a6\" data-element_type=\"widget\" data-e-type=\"widget\" data-widget_type=\"image.default\">\n\t\t\t\t<div class=\"elementor-widget-container\">\n\t\t\t\t\t\t\t\t\t\t\t\t\t\t\t<img decoding=\"async\" src=\"https:\/\/wouldyoumindset.com\/wp-content\/uploads\/2026\/01\/Frame-8-2.png\" title=\"Frame 8 (2)\" alt=\"Frame 8 (2)\" loading=\"lazy\" \/>\t\t\t\t\t\t\t\t\t\t\t\t\t\t\t<\/div>\n\t\t\t\t<\/div>\n\t\t\t\t<div class=\"elementor-element elementor-element-5a934c7 elementor-widget elementor-widget-heading\" data-id=\"5a934c7\" data-element_type=\"widget\" data-e-type=\"widget\" data-widget_type=\"heading.default\">\n\t\t\t\t<div class=\"elementor-widget-container\">\n\t\t\t\t\t<p class=\"elementor-heading-title elementor-size-default\">19 Activities<\/p>\t\t\t\t<\/div>\n\t\t\t\t<\/div>\n\t\t\t\t<\/div>\n\t\t\t\t<\/div>\n\t\t<div class=\"elementor-element elementor-element-5fe71ff e-con-full e-flex e-con e-child\" data-id=\"5fe71ff\" data-element_type=\"container\" data-e-type=\"container\">\n\t\t<div class=\"elementor-element elementor-element-d8fbc7a e-con-full e-grid e-con e-child\" data-id=\"d8fbc7a\" data-element_type=\"container\" data-e-type=\"container\">\n\t\t<a class=\"eael-wrapper-link-8bd27e1 --eael-wrapper-link-tag\" href=\"https:\/\/wouldyoumindset.com\/en\/ogrenci-dijital-platformu\/\"><\/a><div data-eael-wrapper-link=\"eael-wrapper-link-8bd27e1\" class=\"elementor-element elementor-element-8bd27e1 e-con-full e-flex e-con e-child\" data-id=\"8bd27e1\" data-element_type=\"container\" data-e-type=\"container\" data-settings=\"{&quot;background_background&quot;:&quot;classic&quot;}\">\n\t\t\t\t<div class=\"elementor-element elementor-element-9cc3ad9 elementor-widget elementor-widget-image\" data-id=\"9cc3ad9\" data-element_type=\"widget\" data-e-type=\"widget\" data-widget_type=\"image.default\">\n\t\t\t\t<div class=\"elementor-widget-container\">\n\t\t\t\t\t\t\t\t\t\t\t\t\t\t\t<img fetchpriority=\"high\" decoding=\"async\" width=\"477\" height=\"274\" src=\"https:\/\/wouldyoumindset.com\/wp-content\/uploads\/2025\/12\/Clipboard-Image.jpg\" class=\"attachment-large size-large wp-image-4896\" alt=\"\" srcset=\"https:\/\/wouldyoumindset.com\/wp-content\/uploads\/2025\/12\/Clipboard-Image.jpg 477w, https:\/\/wouldyoumindset.com\/wp-content\/uploads\/2025\/12\/Clipboard-Image-300x172.jpg 300w, https:\/\/wouldyoumindset.com\/wp-content\/uploads\/2025\/12\/Clipboard-Image-18x10.jpg 18w\" sizes=\"(max-width: 477px) 100vw, 477px\" \/>\t\t\t\t\t\t\t\t\t\t\t\t\t\t\t<\/div>\n\t\t\t\t<\/div>\n\t\t\t\t<div class=\"elementor-element elementor-element-df3c3f9 elementor-widget-divider--view-line elementor-widget elementor-widget-divider\" data-id=\"df3c3f9\" data-element_type=\"widget\" data-e-type=\"widget\" data-widget_type=\"divider.default\">\n\t\t\t\t<div class=\"elementor-widget-container\">\n\t\t\t\t\t\t\t<div class=\"elementor-divider\">\n\t\t\t<span class=\"elementor-divider-separator\">\n\t\t\t\t\t\t<\/span>\n\t\t<\/div>\n\t\t\t\t\t\t<\/div>\n\t\t\t\t<\/div>\n\t\t\t\t<div class=\"elementor-element elementor-element-bc77dff elementor-widget elementor-widget-heading\" data-id=\"bc77dff\" data-element_type=\"widget\" data-e-type=\"widget\" data-widget_type=\"heading.default\">\n\t\t\t\t<div class=\"elementor-widget-container\">\n\t\t\t\t\t<span class=\"elementor-heading-title elementor-size-default\">Student<\/span>\t\t\t\t<\/div>\n\t\t\t\t<\/div>\n\t\t\t\t<\/div>\n\t\t<a class=\"eael-wrapper-link-190418f --eael-wrapper-link-tag\" href=\"https:\/\/wouldyoumindset.com\/en\/ogretmen-dijital-platformu\/\"><\/a><div data-eael-wrapper-link=\"eael-wrapper-link-190418f\" class=\"elementor-element elementor-element-190418f e-con-full e-flex e-con e-child\" data-id=\"190418f\" data-element_type=\"container\" data-e-type=\"container\" data-settings=\"{&quot;background_background&quot;:&quot;classic&quot;}\">\n\t\t\t\t<div class=\"elementor-element elementor-element-e47ede8 elementor-widget elementor-widget-image\" data-id=\"e47ede8\" data-element_type=\"widget\" data-e-type=\"widget\" data-widget_type=\"image.default\">\n\t\t\t\t<div class=\"elementor-widget-container\">\n\t\t\t\t\t\t\t\t\t\t\t\t\t\t\t<img decoding=\"async\" width=\"477\" height=\"274\" src=\"https:\/\/wouldyoumindset.com\/wp-content\/uploads\/2025\/12\/Clipboard-Image-1.jpg\" class=\"attachment-large size-large wp-image-4898\" alt=\"\" srcset=\"https:\/\/wouldyoumindset.com\/wp-content\/uploads\/2025\/12\/Clipboard-Image-1.jpg 477w, https:\/\/wouldyoumindset.com\/wp-content\/uploads\/2025\/12\/Clipboard-Image-1-300x172.jpg 300w, https:\/\/wouldyoumindset.com\/wp-content\/uploads\/2025\/12\/Clipboard-Image-1-18x10.jpg 18w\" sizes=\"(max-width: 477px) 100vw, 477px\" \/>\t\t\t\t\t\t\t\t\t\t\t\t\t\t\t<\/div>\n\t\t\t\t<\/div>\n\t\t\t\t<div class=\"elementor-element elementor-element-277eddb elementor-widget-divider--view-line elementor-widget elementor-widget-divider\" data-id=\"277eddb\" data-element_type=\"widget\" data-e-type=\"widget\" data-widget_type=\"divider.default\">\n\t\t\t\t<div class=\"elementor-widget-container\">\n\t\t\t\t\t\t\t<div class=\"elementor-divider\">\n\t\t\t<span class=\"elementor-divider-separator\">\n\t\t\t\t\t\t<\/span>\n\t\t<\/div>\n\t\t\t\t\t\t<\/div>\n\t\t\t\t<\/div>\n\t\t\t\t<div class=\"elementor-element elementor-element-8040388 elementor-widget elementor-widget-heading\" data-id=\"8040388\" data-element_type=\"widget\" data-e-type=\"widget\" data-widget_type=\"heading.default\">\n\t\t\t\t<div class=\"elementor-widget-container\">\n\t\t\t\t\t<span class=\"elementor-heading-title elementor-size-default\">Instructor<\/span>\t\t\t\t<\/div>\n\t\t\t\t<\/div>\n\t\t\t\t<\/div>\n\t\t\t\t<\/div>\n\t\t\t\t<\/div>\n\t\t\t\t<\/div>\n\t\t\t\t<\/div>","protected":false},"excerpt":{"rendered":"<p>Dijital Mindset Platformu Bu platform, e\u011fitim yolculu\u011funuzu desteklemek i\u00e7in tasarland\u0131. \u00d6\u011fretmenler i\u00e7in mesleki geli\u015fim ve s\u0131n\u0131fi\u00e7i uygulamalara y\u00f6nelik mod\u00fcller; \u00f6\u011frenciler i\u00e7in ise \u00f6\u011frenme s\u00fcrecini g\u00fc\u00e7lendirecek, ad\u0131m ad\u0131m ilerleyebilecekleri i\u00e7erikler sunulmaktad\u0131r. L\u00fctfen size uygun giri\u015f b\u00f6l\u00fcm\u00fcn\u00fc se\u00e7erek kendi yolculu\u011funuza ba\u015flay\u0131n. 10 Mod\u00fcl 19 Konu 19 Etkinlik \u00d6\u011frenci \u00d6\u011fretmen<\/p>","protected":false},"author":1,"featured_media":0,"parent":0,"menu_order":0,"comment_status":"closed","ping_status":"closed","template":"","meta":{"_eb_attr":"","footnotes":""},"class_list":["post-58","page","type-page","status-publish","hentry"],"_links":{"self":[{"href":"https:\/\/wouldyoumindset.com\/en\/wp-json\/wp\/v2\/pages\/58","targetHints":{"allow":["GET"]}}],"collection":[{"href":"https:\/\/wouldyoumindset.com\/en\/wp-json\/wp\/v2\/pages"}],"about":[{"href":"https:\/\/wouldyoumindset.com\/en\/wp-json\/wp\/v2\/types\/page"}],"author":[{"embeddable":true,"href":"https:\/\/wouldyoumindset.com\/en\/wp-json\/wp\/v2\/users\/1"}],"replies":[{"embeddable":true,"href":"https:\/\/wouldyoumindset.com\/en\/wp-json\/wp\/v2\/comments?post=58"}],"version-history":[{"count":46,"href":"https:\/\/wouldyoumindset.com\/en\/wp-json\/wp\/v2\/pages\/58\/revisions"}],"predecessor-version":[{"id":5761,"href":"https:\/\/wouldyoumindset.com\/en\/wp-json\/wp\/v2\/pages\/58\/revisions\/5761"}],"wp:attachment":[{"href":"https:\/\/wouldyoumindset.com\/en\/wp-json\/wp\/v2\/media?parent=58"}],"curies":[{"name":"wp","href":"https:\/\/api.w.org\/{rel}","templated":true}]}}