{"id":4574,"date":"2025-08-31T23:14:11","date_gmt":"2025-08-31T20:14:11","guid":{"rendered":"https:\/\/wouldyoumindset.com\/?page_id=4574"},"modified":"2026-01-18T21:34:50","modified_gmt":"2026-01-18T18:34:50","slug":"modul-e_","status":"publish","type":"page","link":"https:\/\/wouldyoumindset.com\/en\/modul-e_\/","title":{"rendered":"Mod\u00fcl e_"},"content":{"rendered":"<div data-elementor-type=\"wp-page\" data-elementor-id=\"4574\" class=\"elementor elementor-4574\">\n\t\t\t\t<div class=\"elementor-element elementor-element-3cd7ba7 e-flex e-con-boxed e-con e-parent\" data-id=\"3cd7ba7\" data-element_type=\"container\" data-e-type=\"container\">\n\t\t\t\t\t<div class=\"e-con-inner\">\n\t\t<div class=\"elementor-element elementor-element-d9774ca e-con-full e-flex e-con e-child\" data-id=\"d9774ca\" data-element_type=\"container\" data-e-type=\"container\">\n\t\t\t\t<div class=\"elementor-element elementor-element-769c3fd elementor-widget elementor-widget-heading\" data-id=\"769c3fd\" data-element_type=\"widget\" data-e-type=\"widget\" data-widget_type=\"heading.default\">\n\t\t\t\t<div class=\"elementor-widget-container\">\n\t\t\t\t\t<h1 class=\"elementor-heading-title elementor-size-default\">Congratulations!<\/h1>\t\t\t\t<\/div>\n\t\t\t\t<\/div>\n\t\t\t\t<div class=\"elementor-element elementor-element-eefc5eb elementor-widget elementor-widget-text-editor\" data-id=\"eefc5eb\" data-element_type=\"widget\" data-e-type=\"widget\" data-widget_type=\"text-editor.default\">\n\t\t\t\t<div class=\"elementor-widget-container\">\n\t\t\t\t\t\t\t\t\t<p>Mindset Dijital \u00d6\u011frenci Platformunu tamamlad\u0131n\u0131z.<\/p>\t\t\t\t\t\t\t\t<\/div>\n\t\t\t\t<\/div>\n\t\t\t\t<\/div>\n\t\t<div class=\"elementor-element elementor-element-a385e2b e-grid e-con-full e-con e-child\" data-id=\"a385e2b\" data-element_type=\"container\" data-e-type=\"container\">\n\t\t<div class=\"elementor-element elementor-element-26344b7 e-con-full e-flex e-con e-child\" data-id=\"26344b7\" data-element_type=\"container\" data-e-type=\"container\">\n\t\t\t\t<div class=\"elementor-element elementor-element-a5fcfa4 elementor-align-left elementor-widget elementor-widget-button\" data-id=\"a5fcfa4\" data-element_type=\"widget\" data-e-type=\"widget\" data-widget_type=\"button.default\">\n\t\t\t\t<div class=\"elementor-widget-container\">\n\t\t\t\t\t\t\t\t\t<div class=\"elementor-button-wrapper\">\n\t\t\t\t\t<a class=\"elementor-button elementor-button-link elementor-size-sm\" href=\"https:\/\/wouldyoumindset.com\/en\/modul-10_\/\">\n\t\t\t\t\t\t<span class=\"elementor-button-content-wrapper\">\n\t\t\t\t\t\t\t\t\t<span class=\"elementor-button-text\">Previous<\/span>\n\t\t\t\t\t<\/span>\n\t\t\t\t\t<\/a>\n\t\t\t\t<\/div>\n\t\t\t\t\t\t\t\t<\/div>\n\t\t\t\t<\/div>\n\t\t\t\t<\/div>\n\t\t<div class=\"elementor-element elementor-element-93cfba2 e-con-full e-flex e-con e-child\" data-id=\"93cfba2\" data-element_type=\"container\" data-e-type=\"container\">\n\t\t\t\t<div class=\"elementor-element elementor-element-441560e elementor-align-right elementor-widget elementor-widget-button\" data-id=\"441560e\" data-element_type=\"widget\" data-e-type=\"widget\" data-widget_type=\"button.default\">\n\t\t\t\t<div class=\"elementor-widget-container\">\n\t\t\t\t\t\t\t\t\t<div class=\"elementor-button-wrapper\">\n\t\t\t\t\t<a class=\"elementor-button elementor-button-link elementor-size-sm\" href=\"https:\/\/wouldyoumindset.com\/en\/\">\n\t\t\t\t\t\t<span class=\"elementor-button-content-wrapper\">\n\t\t\t\t\t\t\t\t\t<span class=\"elementor-button-text\">Ana Sayfaya D\u00f6n<\/span>\n\t\t\t\t\t<\/span>\n\t\t\t\t\t<\/a>\n\t\t\t\t<\/div>\n\t\t\t\t\t\t\t\t<\/div>\n\t\t\t\t<\/div>\n\t\t\t\t<\/div>\n\t\t\t\t<\/div>\n\t\t\t\t\t<\/div>\n\t\t\t\t<\/div>\n\t\t\t\t<\/div>","protected":false},"excerpt":{"rendered":"<p>Tebrikler! Mindset Dijital \u00d6\u011frenci Platformunu tamamlad\u0131n\u0131z. \u00d6nceki Ana Sayfaya D\u00f6n<\/p>","protected":false},"author":1,"featured_media":0,"parent":0,"menu_order":0,"comment_status":"closed","ping_status":"closed","template":"","meta":{"_eb_attr":"","footnotes":""},"class_list":["post-4574","page","type-page","status-publish","hentry"],"_links":{"self":[{"href":"https:\/\/wouldyoumindset.com\/en\/wp-json\/wp\/v2\/pages\/4574","targetHints":{"allow":["GET"]}}],"collection":[{"href":"https:\/\/wouldyoumindset.com\/en\/wp-json\/wp\/v2\/pages"}],"about":[{"href":"https:\/\/wouldyoumindset.com\/en\/wp-json\/wp\/v2\/types\/page"}],"author":[{"embeddable":true,"href":"https:\/\/wouldyoumindset.com\/en\/wp-json\/wp\/v2\/users\/1"}],"replies":[{"embeddable":true,"href":"https:\/\/wouldyoumindset.com\/en\/wp-json\/wp\/v2\/comments?post=4574"}],"version-history":[{"count":7,"href":"https:\/\/wouldyoumindset.com\/en\/wp-json\/wp\/v2\/pages\/4574\/revisions"}],"predecessor-version":[{"id":5541,"href":"https:\/\/wouldyoumindset.com\/en\/wp-json\/wp\/v2\/pages\/4574\/revisions\/5541"}],"wp:attachment":[{"href":"https:\/\/wouldyoumindset.com\/en\/wp-json\/wp\/v2\/media?parent=4574"}],"curies":[{"name":"wp","href":"https:\/\/api.w.org\/{rel}","templated":true}]}}