{"id":288,"date":"2024-03-21T03:02:32","date_gmt":"2024-03-21T00:02:32","guid":{"rendered":"https:\/\/wouldyoumindset.com\/?page_id=288"},"modified":"2026-01-23T00:31:14","modified_gmt":"2026-01-22T21:31:14","slug":"hakkimizda","status":"publish","type":"page","link":"https:\/\/wouldyoumindset.com\/en\/hakkimizda\/","title":{"rendered":"About Us"},"content":{"rendered":"<div data-elementor-type=\"wp-page\" data-elementor-id=\"288\" class=\"elementor elementor-288\">\n\t\t\t\t<div class=\"elementor-element elementor-element-c6b19c6 e-flex e-con-boxed e-con e-parent\" data-id=\"c6b19c6\" data-element_type=\"container\" data-e-type=\"container\">\n\t\t\t\t\t<div class=\"e-con-inner\">\n\t\t\t\t<div class=\"elementor-element elementor-element-fa73c64 elementor-widget elementor-widget-heading\" data-id=\"fa73c64\" data-element_type=\"widget\" data-e-type=\"widget\" data-widget_type=\"heading.default\">\n\t\t\t\t<div class=\"elementor-widget-container\">\n\t\t\t\t\t<h2 class=\"elementor-heading-title elementor-size-default\">About Us<\/h2>\t\t\t\t<\/div>\n\t\t\t\t<\/div>\n\t\t\t\t\t<\/div>\n\t\t\t\t<\/div>\n\t\t<div class=\"elementor-element elementor-element-7f21c74 e-con-full e-flex e-con e-parent\" data-id=\"7f21c74\" data-element_type=\"container\" data-e-type=\"container\">\n\t\t<div class=\"elementor-element elementor-element-6e168e5f e-grid e-con-full e-con e-child\" data-id=\"6e168e5f\" data-element_type=\"container\" data-e-type=\"container\">\n\t\t<div class=\"elementor-element elementor-element-7458ff5 e-flex e-con-boxed e-con e-child\" data-id=\"7458ff5\" data-element_type=\"container\" data-e-type=\"container\">\n\t\t\t\t\t<div class=\"e-con-inner\">\n\t\t\t\t<div class=\"elementor-element elementor-element-f59739a elementor-widget elementor-widget-text-editor\" data-id=\"f59739a\" data-element_type=\"widget\" data-e-type=\"widget\" data-widget_type=\"text-editor.default\">\n\t\t\t\t<div class=\"elementor-widget-container\">\n\t\t\t\t\t\t\t\t\t<h3>Our Project<\/h3>\t\t\t\t\t\t\t\t<\/div>\n\t\t\t\t<\/div>\n\t\t\t\t\t<\/div>\n\t\t\t\t<\/div>\n\t\t<div class=\"elementor-element elementor-element-2a43b051 e-grid e-con-boxed e-con e-child\" data-id=\"2a43b051\" data-element_type=\"container\" data-e-type=\"container\">\n\t\t\t\t\t<div class=\"e-con-inner\">\n\t\t<div class=\"elementor-element elementor-element-70543996 e-con-full e-flex e-con e-child\" data-id=\"70543996\" data-element_type=\"container\" data-e-type=\"container\" data-settings=\"{&quot;background_background&quot;:&quot;classic&quot;}\">\n\t\t\t\t<div class=\"elementor-element elementor-element-63b5a4af elementor-widget elementor-widget-heading\" data-id=\"63b5a4af\" data-element_type=\"widget\" data-e-type=\"widget\" data-widget_type=\"heading.default\">\n\t\t\t\t<div class=\"elementor-widget-container\">\n\t\t\t\t\t<p class=\"elementor-heading-title elementor-size-default\">The project titled 'Would You Mind-Set?' (2023-1-TR01-KA220-SCH-000155031), coordinated by Erzincan Binali Y\u0131ld\u0131r\u0131m University, has been awarded a grant under the first call for proposals for the 2023 Erasmus+ Cooperation Partnerships in School Education (KA220-SCH) by the Ministry of Foreign Affairs, Directorate for EU Affairs, and the Turkish National Agency.\n<br><br>\nOur goal is to empower middle school students, particularly those from disadvantaged backgrounds, through a Mindset Curriculum and supplementary materials integrated into Science classes. In doing so, we aim to support the professional development of teachers while simultaneously increasing the academic achievement of students.<\/p>\t\t\t\t<\/div>\n\t\t\t\t<\/div>\n\t\t\t\t<\/div>\n\t\t\t\t\t<\/div>\n\t\t\t\t<\/div>\n\t\t<div class=\"elementor-element elementor-element-74f4428a e-flex e-con-boxed e-con e-child\" data-id=\"74f4428a\" data-element_type=\"container\" data-e-type=\"container\">\n\t\t\t\t\t<div class=\"e-con-inner\">\n\t\t\t\t<div class=\"elementor-element elementor-element-20372dd3 elementor-widget elementor-widget-text-editor\" data-id=\"20372dd3\" data-element_type=\"widget\" data-e-type=\"widget\" data-widget_type=\"text-editor.default\">\n\t\t\t\t<div class=\"elementor-widget-container\">\n\t\t\t\t\t\t\t\t\t<h3>Project Partners<\/h3>\t\t\t\t\t\t\t\t<\/div>\n\t\t\t\t<\/div>\n\t\t<div class=\"elementor-element elementor-element-6fbbb8b e-con-full e-flex e-con e-child\" data-id=\"6fbbb8b\" data-element_type=\"container\" data-e-type=\"container\" data-settings=\"{&quot;background_background&quot;:&quot;classic&quot;}\">\n\t\t\t\t<div class=\"elementor-element elementor-element-a64aaba elementor-widget elementor-widget-image-carousel\" data-id=\"a64aaba\" data-element_type=\"widget\" data-e-type=\"widget\" data-settings=\"{&quot;slides_to_show&quot;:&quot;9&quot;,&quot;navigation&quot;:&quot;none&quot;,&quot;lazyload&quot;:&quot;yes&quot;,&quot;speed&quot;:1000,&quot;infinite&quot;:&quot;yes&quot;,&quot;image_spacing_custom&quot;:{&quot;unit&quot;:&quot;px&quot;,&quot;size&quot;:20,&quot;sizes&quot;:[]},&quot;image_spacing_custom_tablet&quot;:{&quot;unit&quot;:&quot;px&quot;,&quot;size&quot;:&quot;&quot;,&quot;sizes&quot;:[]},&quot;image_spacing_custom_mobile&quot;:{&quot;unit&quot;:&quot;px&quot;,&quot;size&quot;:&quot;&quot;,&quot;sizes&quot;:[]}}\" data-widget_type=\"image-carousel.default\">\n\t\t\t\t<div class=\"elementor-widget-container\">\n\t\t\t\t\t\t\t<div class=\"elementor-image-carousel-wrapper swiper\" role=\"region\" aria-roledescription=\"carousel\" aria-label=\"Resim D\u00f6ng\u00fcs\u00fc\" dir=\"ltr\">\n\t\t\t<div class=\"elementor-image-carousel swiper-wrapper\" aria-live=\"polite\">\n\t\t\t\t\t\t\t\t<div class=\"swiper-slide\" role=\"group\" aria-roledescription=\"slide\" aria-label=\"1 \/ 9\"><figure class=\"swiper-slide-inner\"><img class=\"swiper-slide-image swiper-lazy\" data-src=\"https:\/\/wouldyoumindset.com\/wp-content\/uploads\/2024\/03\/erzincanunilogo.png\" alt=\"Erzincan Binali Y\u0131ld\u0131r\u0131m \u00dcniversitesi\u200b\" \/><div class=\"swiper-lazy-preloader\"><\/div><\/figure><\/div><div class=\"swiper-slide\" role=\"group\" aria-roledescription=\"slide\" aria-label=\"2 \/ 9\"><figure class=\"swiper-slide-inner\"><img class=\"swiper-slide-image swiper-lazy\" data-src=\"https:\/\/wouldyoumindset.com\/wp-content\/uploads\/2024\/03\/hacettepelogo.png\" alt=\"Hacettepe \u00dcniversitesi\" \/><div class=\"swiper-lazy-preloader\"><\/div><\/figure><\/div><div class=\"swiper-slide\" role=\"group\" aria-roledescription=\"slide\" aria-label=\"3 \/ 9\"><figure class=\"swiper-slide-inner\"><img class=\"swiper-slide-image swiper-lazy\" data-src=\"https:\/\/wouldyoumindset.com\/wp-content\/uploads\/2024\/03\/ankaraunilogo.png\" alt=\"Ankara \u00dcniversitesi\u200b\" \/><div class=\"swiper-lazy-preloader\"><\/div><\/figure><\/div><div class=\"swiper-slide\" role=\"group\" aria-roledescription=\"slide\" aria-label=\"4 \/ 9\"><figure class=\"swiper-slide-inner\"><img class=\"swiper-slide-image swiper-lazy\" data-src=\"https:\/\/wouldyoumindset.com\/wp-content\/uploads\/2024\/03\/vanlogo.png\" alt=\"Van Y\u00fcz\u00fcnc\u00fc Y\u0131l \u00dcniversitesi\" \/><div class=\"swiper-lazy-preloader\"><\/div><\/figure><\/div><div class=\"swiper-slide\" role=\"group\" aria-roledescription=\"slide\" aria-label=\"5 \/ 9\"><figure class=\"swiper-slide-inner\"><img class=\"swiper-slide-image swiper-lazy\" data-src=\"https:\/\/wouldyoumindset.com\/wp-content\/uploads\/2024\/03\/erzincanillimilliegitim.png\" alt=\"erzincanillimillieg\u0306itim\" \/><div class=\"swiper-lazy-preloader\"><\/div><\/figure><\/div><div class=\"swiper-slide\" role=\"group\" aria-roledescription=\"slide\" aria-label=\"6 \/ 9\"><figure class=\"swiper-slide-inner\"><img class=\"swiper-slide-image swiper-lazy\" data-src=\"https:\/\/wouldyoumindset.com\/wp-content\/uploads\/2024\/03\/vangenclik.png\" alt=\"vangenc\u0327lik\" \/><div class=\"swiper-lazy-preloader\"><\/div><\/figure><\/div><div class=\"swiper-slide\" role=\"group\" aria-roledescription=\"slide\" aria-label=\"7 \/ 9\"><figure class=\"swiper-slide-inner\"><img class=\"swiper-slide-image swiper-lazy\" data-src=\"https:\/\/wouldyoumindset.com\/wp-content\/uploads\/2024\/03\/fondazine.png\" alt=\"fondazine\" \/><div class=\"swiper-lazy-preloader\"><\/div><\/figure><\/div><div class=\"swiper-slide\" role=\"group\" aria-roledescription=\"slide\" aria-label=\"8 \/ 9\"><figure class=\"swiper-slide-inner\"><img class=\"swiper-slide-image swiper-lazy\" data-src=\"https:\/\/wouldyoumindset.com\/wp-content\/uploads\/2024\/03\/innectica.png\" alt=\"innectica\" \/><div class=\"swiper-lazy-preloader\"><\/div><\/figure><\/div><div class=\"swiper-slide\" role=\"group\" aria-roledescription=\"slide\" aria-label=\"9 \/ 9\"><figure class=\"swiper-slide-inner\"><img class=\"swiper-slide-image swiper-lazy\" data-src=\"https:\/\/wouldyoumindset.com\/wp-content\/uploads\/2024\/03\/asdary.png\" alt=\"asdary\" \/><div class=\"swiper-lazy-preloader\"><\/div><\/figure><\/div>\t\t\t<\/div>\n\t\t\t\t\t\t\t\n\t\t\t\t\t\t\t\t\t<\/div>\n\t\t\t\t\t\t<\/div>\n\t\t\t\t<\/div>\n\t\t\t\t<\/div>\n\t\t\t\t\t<\/div>\n\t\t\t\t<\/div>\n\t\t\t\t<\/div>\n\t\t\t\t<\/div>\n\t\t\t\t<\/div>","protected":false},"excerpt":{"rendered":"<p>Hakk\u0131m\u0131zda Projemiz Would You Mind-Set? (2023-1-TR01-KA220 SCH-000155031) Projesi Erzincan Binali Y\u0131ld\u0131r\u0131m \u00dcniversitesi\u2019nin y\u00fcr\u00fct\u00fcc\u00fcl\u00fc\u011f\u00fcnde ba\u015fvurulan D\u0131\u015fi\u015fleri Bakanl\u0131\u011f\u0131, Avrupa Birli\u011fi Ba\u015fkanl\u0131\u011f\u0131, T\u00fcrkiye Ulusal Ajans\u0131 2023 Y\u0131l\u0131 Erasmus+ Okul E\u011fitiminde \u0130\u015fbirli\u011fi Ortakl\u0131klar\u0131 (KA220-SCH) Projeleri 1. D\u00f6nem kapsam\u0131nda hibe deste\u011fi almaya hak kazanm\u0131\u015ft\u0131r. Amac\u0131m\u0131z, \u00f6zellikle dezavantajl\u0131 durumdaki ortaokul \u00f6\u011frencilerini Fen Bilgisi Dersine entegre olarak haz\u0131rlanan Mindset \u00d6\u011fretim Program\u0131 ve [&hellip;]<\/p>\n","protected":false},"author":1,"featured_media":0,"parent":0,"menu_order":0,"comment_status":"closed","ping_status":"closed","template":"","meta":{"_eb_attr":"","footnotes":""},"class_list":["post-288","page","type-page","status-publish","hentry"],"_links":{"self":[{"href":"https:\/\/wouldyoumindset.com\/en\/wp-json\/wp\/v2\/pages\/288","targetHints":{"allow":["GET"]}}],"collection":[{"href":"https:\/\/wouldyoumindset.com\/en\/wp-json\/wp\/v2\/pages"}],"about":[{"href":"https:\/\/wouldyoumindset.com\/en\/wp-json\/wp\/v2\/types\/page"}],"author":[{"embeddable":true,"href":"https:\/\/wouldyoumindset.com\/en\/wp-json\/wp\/v2\/users\/1"}],"replies":[{"embeddable":true,"href":"https:\/\/wouldyoumindset.com\/en\/wp-json\/wp\/v2\/comments?post=288"}],"version-history":[{"count":134,"href":"https:\/\/wouldyoumindset.com\/en\/wp-json\/wp\/v2\/pages\/288\/revisions"}],"predecessor-version":[{"id":5719,"href":"https:\/\/wouldyoumindset.com\/en\/wp-json\/wp\/v2\/pages\/288\/revisions\/5719"}],"wp:attachment":[{"href":"https:\/\/wouldyoumindset.com\/en\/wp-json\/wp\/v2\/media?parent=288"}],"curies":[{"name":"wp","href":"https:\/\/api.w.org\/{rel}","templated":true}]}}