{"id":2191,"date":"2025-08-18T08:23:24","date_gmt":"2025-08-18T05:23:24","guid":{"rendered":"https:\/\/wouldyoumindset.com\/?page_id=2191"},"modified":"2026-01-23T01:18:08","modified_gmt":"2026-01-22T22:18:08","slug":"ogrenci-dijital-platformu","status":"publish","type":"page","link":"https:\/\/wouldyoumindset.com\/en\/ogrenci-dijital-platformu\/","title":{"rendered":"Student Digital Platform"},"content":{"rendered":"<div data-elementor-type=\"wp-page\" data-elementor-id=\"2191\" class=\"elementor elementor-2191\">\n\t\t\t\t<div class=\"elementor-element elementor-element-2f713a3f e-con-full e-flex e-con e-parent\" data-id=\"2f713a3f\" data-element_type=\"container\" data-e-type=\"container\" data-settings=\"{&quot;background_background&quot;:&quot;classic&quot;}\">\n\t\t<div class=\"elementor-element elementor-element-22ee0348 e-flex e-con-boxed e-con e-child\" data-id=\"22ee0348\" data-element_type=\"container\" data-e-type=\"container\">\n\t\t\t\t\t<div class=\"e-con-inner\">\n\t\t\t\t<div class=\"elementor-element elementor-element-6cbe113b elementor-widget elementor-widget-heading\" data-id=\"6cbe113b\" data-element_type=\"widget\" data-e-type=\"widget\" data-widget_type=\"heading.default\">\n\t\t\t\t<div class=\"elementor-widget-container\">\n\t\t\t\t\t<h1 class=\"elementor-heading-title elementor-size-default\">Student Digital Platform<\/h1>\t\t\t\t<\/div>\n\t\t\t\t<\/div>\n\t\t\t\t<div class=\"elementor-element elementor-element-a6c4104 elementor-widget__width-initial elementor-widget elementor-widget-heading\" data-id=\"a6c4104\" data-element_type=\"widget\" data-e-type=\"widget\" data-widget_type=\"heading.default\">\n\t\t\t\t<div class=\"elementor-widget-container\">\n\t\t\t\t\t<p class=\"elementor-heading-title elementor-size-default\">Each module consists of video tutorials, supplementary resources, and activities to be <br>completed. As the module progresses, the user's progress bar and time are updated accordingly. <br>Upon successful completion of all modules, the user is entitled to receive a certificate.<\/p>\t\t\t\t<\/div>\n\t\t\t\t<\/div>\n\t\t\t\t\t<\/div>\n\t\t\t\t<\/div>\n\t\t\t\t<\/div>\n\t\t<div class=\"elementor-element elementor-element-55ba3737 e-flex e-con-boxed e-con e-parent\" data-id=\"55ba3737\" data-element_type=\"container\" data-e-type=\"container\">\n\t\t\t\t\t<div class=\"e-con-inner\">\n\t\t<div class=\"elementor-element elementor-element-1427602c e-grid e-con-boxed e-con e-child\" data-id=\"1427602c\" data-element_type=\"container\" data-e-type=\"container\">\n\t\t\t\t\t<div class=\"e-con-inner\">\n\t\t\t\t<div class=\"elementor-element elementor-element-7133f659 elementor-widget elementor-widget-eael-image-accordion\" data-id=\"7133f659\" data-element_type=\"widget\" data-e-type=\"widget\" data-widget_type=\"eael-image-accordion.default\">\n\t\t\t\t<div class=\"elementor-widget-container\">\n\t\t\t\t\t    <div class=\"eael-img-accordion accordion-direction-horizontal eael-img-accordion-horizontal-align-center eael-img-accordion-vertical-align-center\" id=\"eael-img-accordion-7133f659\" data-img-accordion-id=\"7133f659\" data-img-accordion-type=\"on-click\">\n                    \n            <div class=\"eael-image-accordion-hover eael-image-accordion-item overlay-active\" style=\"background-image: url(http:\/\/wouldyoumindset.com\/wp-content\/uploads\/2025\/08\/Yeni-Proje.png); flex: 3 1 0%;\"  tabindex=\"0\">\n                <div class=\"overlay\">\n                                        <div class=\"overlay-inner  overlay-inner-show\">\n                        <a href=\"https:\/\/wouldyoumindset.com\/en\/modul-1_\/\"><h2 class=\"img-accordion-title\">Mod\u00fcl 1<\/h2><\/a>                            <p><p>Assessment of Intelligence Perception<\/p><\/p>\n                                            <\/div>\n                <\/div>\n            <\/div>\n                <\/div>\n        \t\t\t\t<\/div>\n\t\t\t\t<\/div>\n\t\t\t\t<div class=\"elementor-element elementor-element-c8122f5 elementor-widget elementor-widget-eael-image-accordion\" data-id=\"c8122f5\" data-element_type=\"widget\" data-e-type=\"widget\" data-widget_type=\"eael-image-accordion.default\">\n\t\t\t\t<div class=\"elementor-widget-container\">\n\t\t\t\t\t    <div class=\"eael-img-accordion accordion-direction-horizontal eael-img-accordion-horizontal-align-center eael-img-accordion-vertical-align-center\" id=\"eael-img-accordion-c8122f5\" data-img-accordion-id=\"c8122f5\" data-img-accordion-type=\"on-click\">\n                    \n            <div class=\"eael-image-accordion-hover eael-image-accordion-item overlay-active\" style=\"background-image: url(http:\/\/wouldyoumindset.com\/wp-content\/uploads\/2025\/08\/Yeni-Proje.png); flex: 3 1 0%;\"  tabindex=\"0\">\n                <div class=\"overlay\">\n                                        <div class=\"overlay-inner  overlay-inner-show\">\n                        <a href=\"https:\/\/wouldyoumindset.com\/en\/modul-2_\/\"><h2 class=\"img-accordion-title\">Mod\u00fcl 2<\/h2><\/a>                            <p><p>Determination<\/p><\/p>\n                                            <\/div>\n                <\/div>\n            <\/div>\n                <\/div>\n        \t\t\t\t<\/div>\n\t\t\t\t<\/div>\n\t\t\t\t<div class=\"elementor-element elementor-element-e8ae2e3 elementor-widget elementor-widget-eael-image-accordion\" data-id=\"e8ae2e3\" data-element_type=\"widget\" data-e-type=\"widget\" data-widget_type=\"eael-image-accordion.default\">\n\t\t\t\t<div class=\"elementor-widget-container\">\n\t\t\t\t\t    <div class=\"eael-img-accordion accordion-direction-horizontal eael-img-accordion-horizontal-align-center eael-img-accordion-vertical-align-center\" id=\"eael-img-accordion-e8ae2e3\" data-img-accordion-id=\"e8ae2e3\" data-img-accordion-type=\"on-click\">\n                    \n            <div class=\"eael-image-accordion-hover eael-image-accordion-item overlay-active\" style=\"background-image: url(http:\/\/wouldyoumindset.com\/wp-content\/uploads\/2025\/08\/Yeni-Proje.png); flex: 3 1 0%;\"  tabindex=\"0\">\n                <div class=\"overlay\">\n                                        <div class=\"overlay-inner  overlay-inner-show\">\n                        <a href=\"https:\/\/wouldyoumindset.com\/en\/modul-3_\/\"><h2 class=\"img-accordion-title\">Mod\u00fcl 3<\/h2><\/a>                            <p><p>Building Goals<\/p><\/p>\n                                            <\/div>\n                <\/div>\n            <\/div>\n                <\/div>\n        \t\t\t\t<\/div>\n\t\t\t\t<\/div>\n\t\t\t\t<div class=\"elementor-element elementor-element-5320b67 elementor-widget elementor-widget-eael-image-accordion\" data-id=\"5320b67\" data-element_type=\"widget\" data-e-type=\"widget\" data-widget_type=\"eael-image-accordion.default\">\n\t\t\t\t<div class=\"elementor-widget-container\">\n\t\t\t\t\t    <div class=\"eael-img-accordion accordion-direction-horizontal eael-img-accordion-horizontal-align-center eael-img-accordion-vertical-align-center\" id=\"eael-img-accordion-5320b67\" data-img-accordion-id=\"5320b67\" data-img-accordion-type=\"on-click\">\n                    \n            <div class=\"eael-image-accordion-hover eael-image-accordion-item overlay-active\" style=\"background-image: url(http:\/\/wouldyoumindset.com\/wp-content\/uploads\/2025\/08\/Yeni-Proje.png); flex: 3 1 0%;\"  tabindex=\"0\">\n                <div class=\"overlay\">\n                                        <div class=\"overlay-inner  overlay-inner-show\">\n                        <a href=\"https:\/\/wouldyoumindset.com\/en\/modul-4_\/\"><h2 class=\"img-accordion-title\">Mod\u00fcl 4<\/h2><\/a>                            <p><p>Study Skills<\/p><\/p>\n                                            <\/div>\n                <\/div>\n            <\/div>\n                <\/div>\n        \t\t\t\t<\/div>\n\t\t\t\t<\/div>\n\t\t\t\t<div class=\"elementor-element elementor-element-2061aa7 elementor-widget elementor-widget-eael-image-accordion\" data-id=\"2061aa7\" data-element_type=\"widget\" data-e-type=\"widget\" data-widget_type=\"eael-image-accordion.default\">\n\t\t\t\t<div class=\"elementor-widget-container\">\n\t\t\t\t\t    <div class=\"eael-img-accordion accordion-direction-horizontal eael-img-accordion-horizontal-align-center eael-img-accordion-vertical-align-center\" id=\"eael-img-accordion-2061aa7\" data-img-accordion-id=\"2061aa7\" data-img-accordion-type=\"on-click\">\n                    \n            <div class=\"eael-image-accordion-hover eael-image-accordion-item overlay-active\" style=\"background-image: url(http:\/\/wouldyoumindset.com\/wp-content\/uploads\/2025\/08\/Yeni-Proje.png); flex: 3 1 0%;\"  tabindex=\"0\">\n                <div class=\"overlay\">\n                                        <div class=\"overlay-inner  overlay-inner-show\">\n                        <a href=\"https:\/\/wouldyoumindset.com\/en\/modul-5_\/\"><h2 class=\"img-accordion-title\">Mod\u00fcl 5<\/h2><\/a>                            <p><p>The Power Of Yet<\/p><\/p>\n                                            <\/div>\n                <\/div>\n            <\/div>\n                <\/div>\n        \t\t\t\t<\/div>\n\t\t\t\t<\/div>\n\t\t\t\t<div class=\"elementor-element elementor-element-eb26cec elementor-widget elementor-widget-eael-image-accordion\" data-id=\"eb26cec\" data-element_type=\"widget\" data-e-type=\"widget\" data-widget_type=\"eael-image-accordion.default\">\n\t\t\t\t<div class=\"elementor-widget-container\">\n\t\t\t\t\t    <div class=\"eael-img-accordion accordion-direction-horizontal eael-img-accordion-horizontal-align-center eael-img-accordion-vertical-align-center\" id=\"eael-img-accordion-eb26cec\" data-img-accordion-id=\"eb26cec\" data-img-accordion-type=\"on-click\">\n                    \n            <div class=\"eael-image-accordion-hover eael-image-accordion-item overlay-active\" style=\"background-image: url(http:\/\/wouldyoumindset.com\/wp-content\/uploads\/2025\/08\/Yeni-Proje.png); flex: 3 1 0%;\"  tabindex=\"0\">\n                <div class=\"overlay\">\n                                        <div class=\"overlay-inner  overlay-inner-show\">\n                        <a href=\"https:\/\/wouldyoumindset.com\/en\/modul-6_\/\"><h2 class=\"img-accordion-title\">Mod\u00fcl 6<\/h2><\/a>                            <p><p>Effective Study Habits<\/p><\/p>\n                                            <\/div>\n                <\/div>\n            <\/div>\n                <\/div>\n        \t\t\t\t<\/div>\n\t\t\t\t<\/div>\n\t\t\t\t<div class=\"elementor-element elementor-element-d6eb2af elementor-widget elementor-widget-eael-image-accordion\" data-id=\"d6eb2af\" data-element_type=\"widget\" data-e-type=\"widget\" data-widget_type=\"eael-image-accordion.default\">\n\t\t\t\t<div class=\"elementor-widget-container\">\n\t\t\t\t\t    <div class=\"eael-img-accordion accordion-direction-horizontal eael-img-accordion-horizontal-align-center eael-img-accordion-vertical-align-center\" id=\"eael-img-accordion-d6eb2af\" data-img-accordion-id=\"d6eb2af\" data-img-accordion-type=\"on-click\">\n                    \n            <div class=\"eael-image-accordion-hover eael-image-accordion-item overlay-active\" style=\"background-image: url(http:\/\/wouldyoumindset.com\/wp-content\/uploads\/2025\/08\/Yeni-Proje.png); flex: 3 1 0%;\"  tabindex=\"0\">\n                <div class=\"overlay\">\n                                        <div class=\"overlay-inner  overlay-inner-show\">\n                        <a href=\"https:\/\/wouldyoumindset.com\/en\/modul-7_\/\"><h2 class=\"img-accordion-title\">Mod\u00fcl 7<\/h2><\/a>                            <p><p>Self Regulation<\/p><\/p>\n                                            <\/div>\n                <\/div>\n            <\/div>\n                <\/div>\n        \t\t\t\t<\/div>\n\t\t\t\t<\/div>\n\t\t\t\t<div class=\"elementor-element elementor-element-c1df730 elementor-widget elementor-widget-eael-image-accordion\" data-id=\"c1df730\" data-element_type=\"widget\" data-e-type=\"widget\" data-widget_type=\"eael-image-accordion.default\">\n\t\t\t\t<div class=\"elementor-widget-container\">\n\t\t\t\t\t    <div class=\"eael-img-accordion accordion-direction-horizontal eael-img-accordion-horizontal-align-center eael-img-accordion-vertical-align-center\" id=\"eael-img-accordion-c1df730\" data-img-accordion-id=\"c1df730\" data-img-accordion-type=\"on-click\">\n                    \n            <div class=\"eael-image-accordion-hover eael-image-accordion-item overlay-active\" style=\"background-image: url(http:\/\/wouldyoumindset.com\/wp-content\/uploads\/2025\/08\/Yeni-Proje.png); flex: 3 1 0%;\"  tabindex=\"0\">\n                <div class=\"overlay\">\n                                        <div class=\"overlay-inner  overlay-inner-show\">\n                        <a href=\"https:\/\/wouldyoumindset.com\/en\/modul-8_\/\"><h2 class=\"img-accordion-title\">Mod\u00fcl 8<\/h2><\/a>                            <p><p>Self-Esteem<\/p><\/p>\n                                            <\/div>\n                <\/div>\n            <\/div>\n                <\/div>\n        \t\t\t\t<\/div>\n\t\t\t\t<\/div>\n\t\t\t\t<div class=\"elementor-element elementor-element-46acf5e elementor-widget elementor-widget-eael-image-accordion\" data-id=\"46acf5e\" data-element_type=\"widget\" data-e-type=\"widget\" data-widget_type=\"eael-image-accordion.default\">\n\t\t\t\t<div class=\"elementor-widget-container\">\n\t\t\t\t\t    <div class=\"eael-img-accordion accordion-direction-horizontal eael-img-accordion-horizontal-align-center eael-img-accordion-vertical-align-center\" id=\"eael-img-accordion-46acf5e\" data-img-accordion-id=\"46acf5e\" data-img-accordion-type=\"on-click\">\n                    \n            <div class=\"eael-image-accordion-hover eael-image-accordion-item overlay-active\" style=\"background-image: url(http:\/\/wouldyoumindset.com\/wp-content\/uploads\/2025\/08\/Yeni-Proje.png); flex: 3 1 0%;\"  tabindex=\"0\">\n                <div class=\"overlay\">\n                                        <div class=\"overlay-inner  overlay-inner-show\">\n                        <a href=\"https:\/\/wouldyoumindset.com\/en\/modul-9_\/\"><h2 class=\"img-accordion-title\">Mod\u00fcl 9<\/h2><\/a>                            <p><p>Motivation<\/p><\/p>\n                                            <\/div>\n                <\/div>\n            <\/div>\n                <\/div>\n        \t\t\t\t<\/div>\n\t\t\t\t<\/div>\n\t\t\t\t<div class=\"elementor-element elementor-element-eab3dfe elementor-widget elementor-widget-eael-image-accordion\" data-id=\"eab3dfe\" data-element_type=\"widget\" data-e-type=\"widget\" data-widget_type=\"eael-image-accordion.default\">\n\t\t\t\t<div class=\"elementor-widget-container\">\n\t\t\t\t\t    <div class=\"eael-img-accordion accordion-direction-horizontal eael-img-accordion-horizontal-align-center eael-img-accordion-vertical-align-center\" id=\"eael-img-accordion-eab3dfe\" data-img-accordion-id=\"eab3dfe\" data-img-accordion-type=\"on-click\">\n                    \n            <div class=\"eael-image-accordion-hover eael-image-accordion-item overlay-active\" style=\"background-image: url(http:\/\/wouldyoumindset.com\/wp-content\/uploads\/2025\/08\/Yeni-Proje.png); flex: 3 1 0%;\"  tabindex=\"0\">\n                <div class=\"overlay\">\n                                        <div class=\"overlay-inner  overlay-inner-show\">\n                        <a href=\"https:\/\/wouldyoumindset.com\/en\/modul-10_\/\"><h2 class=\"img-accordion-title\">Mod\u00fcl 10<\/h2><\/a>                            <p><p>Stress Management<\/p><\/p>\n                                            <\/div>\n                <\/div>\n            <\/div>\n                <\/div>\n        \t\t\t\t<\/div>\n\t\t\t\t<\/div>\n\t\t\t\t\t<\/div>\n\t\t\t\t<\/div>\n\t\t\t\t\t<\/div>\n\t\t\t\t<\/div>\n\t\t\t\t<\/div>","protected":false},"excerpt":{"rendered":"<p>\u00d6\u011frenci Dijital Platformu Her mod\u00fcl; video anlat\u0131mlar\u0131, yard\u0131mc\u0131 kaynaklar ve tamamlanmas\u0131 gereken etkinliklerden olu\u015fmaktad\u0131r. Mod\u00fcl ilerledik\u00e7e kullan\u0131c\u0131ya ait ilerleme \u00e7ubu\u011fu ve s\u00fcre de g\u00fcncellenir. T\u00fcm mod\u00fcller ba\u015far\u0131yla tamamland\u0131\u011f\u0131nda ise kullan\u0131c\u0131 sertifika almaya hak kazan\u0131r.\u200b Mod\u00fcl 1 Zeka alg\u0131s\u0131n\u0131n de\u011ferlendirilmesi Mod\u00fcl 2 Azim Mod\u00fcl 3 Hedef Olu\u015fturma Mod\u00fcl 4 \u00c7al\u0131\u015fma Becerileri Mod\u00fcl 5 Hen\u00fcz\u00fcn g\u00fcc\u00fc Mod\u00fcl [&hellip;]<\/p>\n","protected":false},"author":1,"featured_media":0,"parent":0,"menu_order":0,"comment_status":"closed","ping_status":"closed","template":"","meta":{"_eb_attr":"","footnotes":""},"class_list":["post-2191","page","type-page","status-publish","hentry"],"_links":{"self":[{"href":"https:\/\/wouldyoumindset.com\/en\/wp-json\/wp\/v2\/pages\/2191","targetHints":{"allow":["GET"]}}],"collection":[{"href":"https:\/\/wouldyoumindset.com\/en\/wp-json\/wp\/v2\/pages"}],"about":[{"href":"https:\/\/wouldyoumindset.com\/en\/wp-json\/wp\/v2\/types\/page"}],"author":[{"embeddable":true,"href":"https:\/\/wouldyoumindset.com\/en\/wp-json\/wp\/v2\/users\/1"}],"replies":[{"embeddable":true,"href":"https:\/\/wouldyoumindset.com\/en\/wp-json\/wp\/v2\/comments?post=2191"}],"version-history":[{"count":25,"href":"https:\/\/wouldyoumindset.com\/en\/wp-json\/wp\/v2\/pages\/2191\/revisions"}],"predecessor-version":[{"id":5770,"href":"https:\/\/wouldyoumindset.com\/en\/wp-json\/wp\/v2\/pages\/2191\/revisions\/5770"}],"wp:attachment":[{"href":"https:\/\/wouldyoumindset.com\/en\/wp-json\/wp\/v2\/media?parent=2191"}],"curies":[{"name":"wp","href":"https:\/\/api.w.org\/{rel}","templated":true}]}}