{"id":2040,"date":"2025-08-11T00:16:54","date_gmt":"2025-08-10T21:16:54","guid":{"rendered":"https:\/\/wouldyoumindset.com\/?page_id=2040"},"modified":"2026-01-23T01:18:57","modified_gmt":"2026-01-22T22:18:57","slug":"ogretmen-dijital-platformu","status":"publish","type":"page","link":"https:\/\/wouldyoumindset.com\/en\/ogretmen-dijital-platformu\/","title":{"rendered":"Instructor Digital Platform"},"content":{"rendered":"<div data-elementor-type=\"wp-page\" data-elementor-id=\"2040\" class=\"elementor elementor-2040\">\n\t\t\t\t<div class=\"elementor-element elementor-element-39c6d687 e-con-full e-flex e-con e-parent\" data-id=\"39c6d687\" data-element_type=\"container\" data-e-type=\"container\" data-settings=\"{&quot;background_background&quot;:&quot;classic&quot;}\">\n\t\t<div class=\"elementor-element elementor-element-4293b2db e-flex e-con-boxed e-con e-child\" data-id=\"4293b2db\" data-element_type=\"container\" data-e-type=\"container\">\n\t\t\t\t\t<div class=\"e-con-inner\">\n\t\t\t\t<div class=\"elementor-element elementor-element-22994ae4 elementor-widget elementor-widget-heading\" data-id=\"22994ae4\" data-element_type=\"widget\" data-e-type=\"widget\" data-widget_type=\"heading.default\">\n\t\t\t\t<div class=\"elementor-widget-container\">\n\t\t\t\t\t<h1 class=\"elementor-heading-title elementor-size-default\">Instructor Digital Platform<\/h1>\t\t\t\t<\/div>\n\t\t\t\t<\/div>\n\t\t\t\t<div class=\"elementor-element elementor-element-5f603b4f elementor-widget__width-initial elementor-widget elementor-widget-heading\" data-id=\"5f603b4f\" data-element_type=\"widget\" data-e-type=\"widget\" data-widget_type=\"heading.default\">\n\t\t\t\t<div class=\"elementor-widget-container\">\n\t\t\t\t\t<p class=\"elementor-heading-title elementor-size-default\">Each module consists of video tutorials, supplementary resources, and activities to be <br>completed. As the module progresses, the user's progress bar and time are updated accordingly. <br>Upon successful completion of all modules, the user is entitled to receive a certificate.<\/p>\t\t\t\t<\/div>\n\t\t\t\t<\/div>\n\t\t\t\t\t<\/div>\n\t\t\t\t<\/div>\n\t\t\t\t<\/div>\n\t\t<div class=\"elementor-element elementor-element-32441933 e-flex e-con-boxed e-con e-parent\" data-id=\"32441933\" data-element_type=\"container\" data-e-type=\"container\">\n\t\t\t\t\t<div class=\"e-con-inner\">\n\t\t<div class=\"elementor-element elementor-element-655e8182 e-grid e-con-boxed e-con e-child\" data-id=\"655e8182\" data-element_type=\"container\" data-e-type=\"container\">\n\t\t\t\t\t<div class=\"e-con-inner\">\n\t\t\t\t<div class=\"elementor-element elementor-element-3fb2a488 elementor-widget elementor-widget-eael-image-accordion\" data-id=\"3fb2a488\" data-element_type=\"widget\" data-e-type=\"widget\" data-widget_type=\"eael-image-accordion.default\">\n\t\t\t\t<div class=\"elementor-widget-container\">\n\t\t\t\t\t    <div class=\"eael-img-accordion accordion-direction-horizontal eael-img-accordion-horizontal-align-center eael-img-accordion-vertical-align-center\" id=\"eael-img-accordion-3fb2a488\" data-img-accordion-id=\"3fb2a488\" data-img-accordion-type=\"on-click\">\n                    \n            <div class=\"eael-image-accordion-hover eael-image-accordion-item overlay-active\" style=\"background-image: url(http:\/\/wouldyoumindset.com\/wp-content\/uploads\/2025\/08\/Yeni-Proje.png); flex: 3 1 0%;\"  tabindex=\"0\">\n                <div class=\"overlay\">\n                                        <div class=\"overlay-inner  overlay-inner-show\">\n                        <a href=\"https:\/\/wouldyoumindset.com\/en\/modul-1\/\"><h2 class=\"img-accordion-title\">Mod\u00fcl 1<\/h2><\/a>                            <p><p>Assessment of Intelligence Perception<\/p><\/p>\n                                            <\/div>\n                <\/div>\n            <\/div>\n                <\/div>\n        \t\t\t\t<\/div>\n\t\t\t\t<\/div>\n\t\t\t\t<div class=\"elementor-element elementor-element-df18688 elementor-widget elementor-widget-eael-image-accordion\" data-id=\"df18688\" data-element_type=\"widget\" data-e-type=\"widget\" data-widget_type=\"eael-image-accordion.default\">\n\t\t\t\t<div class=\"elementor-widget-container\">\n\t\t\t\t\t    <div class=\"eael-img-accordion accordion-direction-horizontal eael-img-accordion-horizontal-align-center eael-img-accordion-vertical-align-center\" id=\"eael-img-accordion-df18688\" data-img-accordion-id=\"df18688\" data-img-accordion-type=\"on-click\">\n                    \n            <div class=\"eael-image-accordion-hover eael-image-accordion-item overlay-active\" style=\"background-image: url(http:\/\/wouldyoumindset.com\/wp-content\/uploads\/2025\/08\/Yeni-Proje.png); flex: 3 1 0%;\"  tabindex=\"0\">\n                <div class=\"overlay\">\n                                        <div class=\"overlay-inner  overlay-inner-show\">\n                        <a href=\"https:\/\/wouldyoumindset.com\/en\/modul-2\/\"><h2 class=\"img-accordion-title\">Mod\u00fcl 2<\/h2><\/a>                            <p><p>Determination<\/p><\/p>\n                                            <\/div>\n                <\/div>\n            <\/div>\n                <\/div>\n        \t\t\t\t<\/div>\n\t\t\t\t<\/div>\n\t\t\t\t<div class=\"elementor-element elementor-element-43debdb elementor-widget elementor-widget-eael-image-accordion\" data-id=\"43debdb\" data-element_type=\"widget\" data-e-type=\"widget\" data-widget_type=\"eael-image-accordion.default\">\n\t\t\t\t<div class=\"elementor-widget-container\">\n\t\t\t\t\t    <div class=\"eael-img-accordion accordion-direction-horizontal eael-img-accordion-horizontal-align-center eael-img-accordion-vertical-align-center\" id=\"eael-img-accordion-43debdb\" data-img-accordion-id=\"43debdb\" data-img-accordion-type=\"on-click\">\n                    \n            <div class=\"eael-image-accordion-hover eael-image-accordion-item overlay-active\" style=\"background-image: url(http:\/\/wouldyoumindset.com\/wp-content\/uploads\/2025\/08\/Yeni-Proje.png); flex: 3 1 0%;\"  tabindex=\"0\">\n                <div class=\"overlay\">\n                                        <div class=\"overlay-inner  overlay-inner-show\">\n                        <a href=\"https:\/\/wouldyoumindset.com\/en\/modul-3\/\"><h2 class=\"img-accordion-title\">Mod\u00fcl 3<\/h2><\/a>                            <p><p>Building Goals<\/p><\/p>\n                                            <\/div>\n                <\/div>\n            <\/div>\n                <\/div>\n        \t\t\t\t<\/div>\n\t\t\t\t<\/div>\n\t\t\t\t<div class=\"elementor-element elementor-element-f9e93c1 elementor-widget elementor-widget-eael-image-accordion\" data-id=\"f9e93c1\" data-element_type=\"widget\" data-e-type=\"widget\" data-widget_type=\"eael-image-accordion.default\">\n\t\t\t\t<div class=\"elementor-widget-container\">\n\t\t\t\t\t    <div class=\"eael-img-accordion accordion-direction-horizontal eael-img-accordion-horizontal-align-center eael-img-accordion-vertical-align-center\" id=\"eael-img-accordion-f9e93c1\" data-img-accordion-id=\"f9e93c1\" data-img-accordion-type=\"on-click\">\n                    \n            <div class=\"eael-image-accordion-hover eael-image-accordion-item overlay-active\" style=\"background-image: url(http:\/\/wouldyoumindset.com\/wp-content\/uploads\/2025\/08\/Yeni-Proje.png); flex: 3 1 0%;\"  tabindex=\"0\">\n                <div class=\"overlay\">\n                                        <div class=\"overlay-inner  overlay-inner-show\">\n                        <a href=\"https:\/\/wouldyoumindset.com\/en\/modul-4\/\"><h2 class=\"img-accordion-title\">Mod\u00fcl 4<\/h2><\/a>                            <p><p>Study Skills<\/p><\/p>\n                                            <\/div>\n                <\/div>\n            <\/div>\n                <\/div>\n        \t\t\t\t<\/div>\n\t\t\t\t<\/div>\n\t\t\t\t<div class=\"elementor-element elementor-element-86547af elementor-widget elementor-widget-eael-image-accordion\" data-id=\"86547af\" data-element_type=\"widget\" data-e-type=\"widget\" data-widget_type=\"eael-image-accordion.default\">\n\t\t\t\t<div class=\"elementor-widget-container\">\n\t\t\t\t\t    <div class=\"eael-img-accordion accordion-direction-horizontal eael-img-accordion-horizontal-align-center eael-img-accordion-vertical-align-center\" id=\"eael-img-accordion-86547af\" data-img-accordion-id=\"86547af\" data-img-accordion-type=\"on-click\">\n                    \n            <div class=\"eael-image-accordion-hover eael-image-accordion-item overlay-active\" style=\"background-image: url(http:\/\/wouldyoumindset.com\/wp-content\/uploads\/2025\/08\/Yeni-Proje.png); flex: 3 1 0%;\"  tabindex=\"0\">\n                <div class=\"overlay\">\n                                        <div class=\"overlay-inner  overlay-inner-show\">\n                        <a href=\"https:\/\/wouldyoumindset.com\/en\/modul-5\/\"><h2 class=\"img-accordion-title\">Mod\u00fcl 5<\/h2><\/a>                            <p><p>The Power Of Yet<\/p><\/p>\n                                            <\/div>\n                <\/div>\n            <\/div>\n                <\/div>\n        \t\t\t\t<\/div>\n\t\t\t\t<\/div>\n\t\t\t\t<div class=\"elementor-element elementor-element-e478714 elementor-widget elementor-widget-eael-image-accordion\" data-id=\"e478714\" data-element_type=\"widget\" data-e-type=\"widget\" data-widget_type=\"eael-image-accordion.default\">\n\t\t\t\t<div class=\"elementor-widget-container\">\n\t\t\t\t\t    <div class=\"eael-img-accordion accordion-direction-horizontal eael-img-accordion-horizontal-align-center eael-img-accordion-vertical-align-center\" id=\"eael-img-accordion-e478714\" data-img-accordion-id=\"e478714\" data-img-accordion-type=\"on-click\">\n                    \n            <div class=\"eael-image-accordion-hover eael-image-accordion-item overlay-active\" style=\"background-image: url(http:\/\/wouldyoumindset.com\/wp-content\/uploads\/2025\/08\/Yeni-Proje.png); flex: 3 1 0%;\"  tabindex=\"0\">\n                <div class=\"overlay\">\n                                        <div class=\"overlay-inner  overlay-inner-show\">\n                        <a href=\"https:\/\/wouldyoumindset.com\/en\/modul-6\/\"><h2 class=\"img-accordion-title\">Mod\u00fcl 6<\/h2><\/a>                            <p><p>Effective Study Habits<\/p><\/p>\n                                            <\/div>\n                <\/div>\n            <\/div>\n                <\/div>\n        \t\t\t\t<\/div>\n\t\t\t\t<\/div>\n\t\t\t\t<div class=\"elementor-element elementor-element-8eb1e02 elementor-widget elementor-widget-eael-image-accordion\" data-id=\"8eb1e02\" data-element_type=\"widget\" data-e-type=\"widget\" data-widget_type=\"eael-image-accordion.default\">\n\t\t\t\t<div class=\"elementor-widget-container\">\n\t\t\t\t\t    <div class=\"eael-img-accordion accordion-direction-horizontal eael-img-accordion-horizontal-align-center eael-img-accordion-vertical-align-center\" id=\"eael-img-accordion-8eb1e02\" data-img-accordion-id=\"8eb1e02\" data-img-accordion-type=\"on-click\">\n                    \n            <div class=\"eael-image-accordion-hover eael-image-accordion-item overlay-active\" style=\"background-image: url(http:\/\/wouldyoumindset.com\/wp-content\/uploads\/2025\/08\/Yeni-Proje.png); flex: 3 1 0%;\"  tabindex=\"0\">\n                <div class=\"overlay\">\n                                        <div class=\"overlay-inner  overlay-inner-show\">\n                        <a href=\"https:\/\/wouldyoumindset.com\/en\/modul-7\/\"><h2 class=\"img-accordion-title\">Mod\u00fcl 7<\/h2><\/a>                            <p><p>Self Regulation<\/p><\/p>\n                                            <\/div>\n                <\/div>\n            <\/div>\n                <\/div>\n        \t\t\t\t<\/div>\n\t\t\t\t<\/div>\n\t\t\t\t<div class=\"elementor-element elementor-element-884113f elementor-widget elementor-widget-eael-image-accordion\" data-id=\"884113f\" data-element_type=\"widget\" data-e-type=\"widget\" data-widget_type=\"eael-image-accordion.default\">\n\t\t\t\t<div class=\"elementor-widget-container\">\n\t\t\t\t\t    <div class=\"eael-img-accordion accordion-direction-horizontal eael-img-accordion-horizontal-align-center eael-img-accordion-vertical-align-center\" id=\"eael-img-accordion-884113f\" data-img-accordion-id=\"884113f\" data-img-accordion-type=\"on-click\">\n                    \n            <div class=\"eael-image-accordion-hover eael-image-accordion-item overlay-active\" style=\"background-image: url(http:\/\/wouldyoumindset.com\/wp-content\/uploads\/2025\/08\/Yeni-Proje.png); flex: 3 1 0%;\"  tabindex=\"0\">\n                <div class=\"overlay\">\n                                        <div class=\"overlay-inner  overlay-inner-show\">\n                        <a href=\"https:\/\/wouldyoumindset.com\/en\/modul-8\/\"><h2 class=\"img-accordion-title\">Mod\u00fcl 8<\/h2><\/a>                            <p><p>Self-Esteem<\/p><\/p>\n                                            <\/div>\n                <\/div>\n            <\/div>\n                <\/div>\n        \t\t\t\t<\/div>\n\t\t\t\t<\/div>\n\t\t\t\t<div class=\"elementor-element elementor-element-1503514 elementor-widget elementor-widget-eael-image-accordion\" data-id=\"1503514\" data-element_type=\"widget\" data-e-type=\"widget\" data-widget_type=\"eael-image-accordion.default\">\n\t\t\t\t<div class=\"elementor-widget-container\">\n\t\t\t\t\t    <div class=\"eael-img-accordion accordion-direction-horizontal eael-img-accordion-horizontal-align-center eael-img-accordion-vertical-align-center\" id=\"eael-img-accordion-1503514\" data-img-accordion-id=\"1503514\" data-img-accordion-type=\"on-click\">\n                    \n            <div class=\"eael-image-accordion-hover eael-image-accordion-item overlay-active\" style=\"background-image: url(http:\/\/wouldyoumindset.com\/wp-content\/uploads\/2025\/08\/Yeni-Proje.png); flex: 3 1 0%;\"  tabindex=\"0\">\n                <div class=\"overlay\">\n                                        <div class=\"overlay-inner  overlay-inner-show\">\n                        <a href=\"https:\/\/wouldyoumindset.com\/en\/modul-9\/\"><h2 class=\"img-accordion-title\">Mod\u00fcl 9<\/h2><\/a>                            <p><p>Motivation<\/p><\/p>\n                                            <\/div>\n                <\/div>\n            <\/div>\n                <\/div>\n        \t\t\t\t<\/div>\n\t\t\t\t<\/div>\n\t\t\t\t<div class=\"elementor-element elementor-element-035533b elementor-widget elementor-widget-eael-image-accordion\" data-id=\"035533b\" data-element_type=\"widget\" data-e-type=\"widget\" data-widget_type=\"eael-image-accordion.default\">\n\t\t\t\t<div class=\"elementor-widget-container\">\n\t\t\t\t\t    <div class=\"eael-img-accordion accordion-direction-horizontal eael-img-accordion-horizontal-align-center eael-img-accordion-vertical-align-center\" id=\"eael-img-accordion-035533b\" data-img-accordion-id=\"035533b\" data-img-accordion-type=\"on-click\">\n                    \n            <div class=\"eael-image-accordion-hover eael-image-accordion-item overlay-active\" style=\"background-image: url(http:\/\/wouldyoumindset.com\/wp-content\/uploads\/2025\/08\/Yeni-Proje.png); flex: 3 1 0%;\"  tabindex=\"0\">\n                <div class=\"overlay\">\n                                        <div class=\"overlay-inner  overlay-inner-show\">\n                        <a href=\"https:\/\/wouldyoumindset.com\/en\/modul-10\/\"><h2 class=\"img-accordion-title\">Mod\u00fcl 10<\/h2><\/a>                            <p><p>Stress Management<\/p><\/p>\n                                            <\/div>\n                <\/div>\n            <\/div>\n                <\/div>\n        \t\t\t\t<\/div>\n\t\t\t\t<\/div>\n\t\t\t\t\t<\/div>\n\t\t\t\t<\/div>\n\t\t\t\t\t<\/div>\n\t\t\t\t<\/div>\n\t\t\t\t<\/div>","protected":false},"excerpt":{"rendered":"<p>\u00d6\u011fretmen Dijital Platformu Her mod\u00fcl; video anlat\u0131mlar\u0131, yard\u0131mc\u0131 kaynaklar ve tamamlanmas\u0131 gereken etkinliklerden olu\u015fmaktad\u0131r. Mod\u00fcl ilerledik\u00e7e kullan\u0131c\u0131ya ait ilerleme \u00e7ubu\u011fu ve s\u00fcre de g\u00fcncellenir. T\u00fcm mod\u00fcller ba\u015far\u0131yla tamamland\u0131\u011f\u0131nda ise kullan\u0131c\u0131 sertifika almaya hak kazan\u0131r.\u200b Mod\u00fcl 1 Zeka alg\u0131s\u0131n\u0131n de\u011ferlendirilmesi Mod\u00fcl 2 Azim Mod\u00fcl 3 Hedef Olu\u015fturma Mod\u00fcl 4 \u00c7al\u0131\u015fma Becerileri Mod\u00fcl 5 Hen\u00fcz\u00fcn g\u00fcc\u00fc Mod\u00fcl [&hellip;]<\/p>\n","protected":false},"author":1,"featured_media":0,"parent":0,"menu_order":0,"comment_status":"closed","ping_status":"closed","template":"","meta":{"_eb_attr":"","footnotes":""},"class_list":["post-2040","page","type-page","status-publish","hentry"],"_links":{"self":[{"href":"https:\/\/wouldyoumindset.com\/en\/wp-json\/wp\/v2\/pages\/2040","targetHints":{"allow":["GET"]}}],"collection":[{"href":"https:\/\/wouldyoumindset.com\/en\/wp-json\/wp\/v2\/pages"}],"about":[{"href":"https:\/\/wouldyoumindset.com\/en\/wp-json\/wp\/v2\/types\/page"}],"author":[{"embeddable":true,"href":"https:\/\/wouldyoumindset.com\/en\/wp-json\/wp\/v2\/users\/1"}],"replies":[{"embeddable":true,"href":"https:\/\/wouldyoumindset.com\/en\/wp-json\/wp\/v2\/comments?post=2040"}],"version-history":[{"count":22,"href":"https:\/\/wouldyoumindset.com\/en\/wp-json\/wp\/v2\/pages\/2040\/revisions"}],"predecessor-version":[{"id":5773,"href":"https:\/\/wouldyoumindset.com\/en\/wp-json\/wp\/v2\/pages\/2040\/revisions\/5773"}],"wp:attachment":[{"href":"https:\/\/wouldyoumindset.com\/en\/wp-json\/wp\/v2\/media?parent=2040"}],"curies":[{"name":"wp","href":"https:\/\/api.w.org\/{rel}","templated":true}]}}