{"id":1788,"date":"2025-04-04T17:44:22","date_gmt":"2025-04-04T14:44:22","guid":{"rendered":"https:\/\/wouldyoumindset.com\/?page_id=1788"},"modified":"2026-01-10T21:07:16","modified_gmt":"2026-01-10T18:07:16","slug":"finlandiya","status":"publish","type":"page","link":"https:\/\/wouldyoumindset.com\/en\/finlandiya\/","title":{"rendered":"Finland"},"content":{"rendered":"<div data-elementor-type=\"wp-page\" data-elementor-id=\"1788\" class=\"elementor elementor-1788\">\n\t\t\t\t<div class=\"elementor-element elementor-element-74db73fc e-flex e-con-boxed e-con e-parent\" data-id=\"74db73fc\" data-element_type=\"container\" data-e-type=\"container\" data-settings=\"{&quot;background_background&quot;:&quot;classic&quot;}\">\n\t\t\t\t\t<div class=\"e-con-inner\">\n\t\t<div class=\"elementor-element elementor-element-2afcf3c3 e-flex e-con-boxed e-con e-child\" data-id=\"2afcf3c3\" data-element_type=\"container\" data-e-type=\"container\">\n\t\t\t\t\t<div class=\"e-con-inner\">\n\t\t\t\t<div class=\"elementor-element elementor-element-5f6101ea elementor-widget elementor-widget-heading\" data-id=\"5f6101ea\" data-element_type=\"widget\" data-e-type=\"widget\" data-widget_type=\"heading.default\">\n\t\t\t\t<div class=\"elementor-widget-container\">\n\t\t\t\t\t<h1 class=\"elementor-heading-title elementor-size-default\">Disseminators - Finland<\/h1>\t\t\t\t<\/div>\n\t\t\t\t<\/div>\n\t\t\t\t\t<\/div>\n\t\t\t\t<\/div>\n\t\t\t\t\t<\/div>\n\t\t\t\t<\/div>\n\t\t<div class=\"elementor-element elementor-element-ec4cdaf e-flex e-con-boxed e-con e-parent\" data-id=\"ec4cdaf\" data-element_type=\"container\" data-e-type=\"container\">\n\t\t\t\t\t<div class=\"e-con-inner\">\n\t\t<div class=\"elementor-element elementor-element-480897de e-grid e-con-boxed e-con e-child\" data-id=\"480897de\" data-element_type=\"container\" data-e-type=\"container\">\n\t\t\t\t\t<div class=\"e-con-inner\">\n\t\t\t\t<div class=\"elementor-element elementor-element-41f0d874 elementor-widget elementor-widget-eael-image-accordion\" data-id=\"41f0d874\" data-element_type=\"widget\" data-e-type=\"widget\" data-widget_type=\"eael-image-accordion.default\">\n\t\t\t\t<div class=\"elementor-widget-container\">\n\t\t\t\t\t    <div class=\"eael-img-accordion accordion-direction-horizontal eael-img-accordion-horizontal-align-center eael-img-accordion-vertical-align-center\" id=\"eael-img-accordion-41f0d874\" data-img-accordion-id=\"41f0d874\" data-img-accordion-type=\"on-click\">\n                    \n            <div class=\"eael-image-accordion-hover eael-image-accordion-item overlay-active\" style=\"background-image: url(http:\/\/wouldyoumindset.com\/wp-content\/uploads\/2025\/04\/Info-Pack-Would-You-Mindset-Helsinki-pdf-1.jpg); flex: 3 1 0%;\"  tabindex=\"0\">\n                <div class=\"overlay\">\n                                        <div class=\"overlay-inner  overlay-inner-show\">\n                        <a href=\"https:\/\/wouldyoumindset.com\/wp-content\/uploads\/2025\/04\/Info-Pack-Would-You-Mindset-Helsinki.pdf?_t=1743777845\"><h2 class=\"img-accordion-title\">The 3rd Transnational Meeting<\/h2><\/a>                    <\/div>\n                <\/div>\n            <\/div>\n                <\/div>\n        \t\t\t\t<\/div>\n\t\t\t\t<\/div>\n\t\t\t\t\t<\/div>\n\t\t\t\t<\/div>\n\t\t\t\t\t<\/div>\n\t\t\t\t<\/div>\n\t\t\t\t<\/div>","protected":false},"excerpt":{"rendered":"<p>Yayg\u0131nla\u015ft\u0131r\u0131c\u0131lar &#8211; Finlandiya 3. Transnational Meeting Bulu\u015fmas\u0131<\/p>","protected":false},"author":1,"featured_media":0,"parent":0,"menu_order":0,"comment_status":"closed","ping_status":"closed","template":"","meta":{"_eb_attr":"","footnotes":""},"class_list":["post-1788","page","type-page","status-publish","hentry"],"_links":{"self":[{"href":"https:\/\/wouldyoumindset.com\/en\/wp-json\/wp\/v2\/pages\/1788","targetHints":{"allow":["GET"]}}],"collection":[{"href":"https:\/\/wouldyoumindset.com\/en\/wp-json\/wp\/v2\/pages"}],"about":[{"href":"https:\/\/wouldyoumindset.com\/en\/wp-json\/wp\/v2\/types\/page"}],"author":[{"embeddable":true,"href":"https:\/\/wouldyoumindset.com\/en\/wp-json\/wp\/v2\/users\/1"}],"replies":[{"embeddable":true,"href":"https:\/\/wouldyoumindset.com\/en\/wp-json\/wp\/v2\/comments?post=1788"}],"version-history":[{"count":20,"href":"https:\/\/wouldyoumindset.com\/en\/wp-json\/wp\/v2\/pages\/1788\/revisions"}],"predecessor-version":[{"id":5087,"href":"https:\/\/wouldyoumindset.com\/en\/wp-json\/wp\/v2\/pages\/1788\/revisions\/5087"}],"wp:attachment":[{"href":"https:\/\/wouldyoumindset.com\/en\/wp-json\/wp\/v2\/media?parent=1788"}],"curies":[{"name":"wp","href":"https:\/\/api.w.org\/{rel}","templated":true}]}}