{"id":1647,"date":"2024-11-24T22:05:45","date_gmt":"2024-11-24T19:05:45","guid":{"rendered":"https:\/\/wouldyoumindset.com\/?page_id=1647"},"modified":"2026-01-10T20:44:17","modified_gmt":"2026-01-10T17:44:17","slug":"mindset-ogretim-programi","status":"publish","type":"page","link":"https:\/\/wouldyoumindset.com\/en\/mindset-ogretim-programi\/","title":{"rendered":"Mindset Curriculum"},"content":{"rendered":"<div data-elementor-type=\"wp-page\" data-elementor-id=\"1647\" class=\"elementor elementor-1647\">\n\t\t\t\t<div class=\"elementor-element elementor-element-38c09489 e-flex e-con-boxed e-con e-parent\" data-id=\"38c09489\" data-element_type=\"container\" data-e-type=\"container\" data-settings=\"{&quot;background_background&quot;:&quot;classic&quot;}\">\n\t\t\t\t\t<div class=\"e-con-inner\">\n\t\t<div class=\"elementor-element elementor-element-799a9c7c e-flex e-con-boxed e-con e-child\" data-id=\"799a9c7c\" data-element_type=\"container\" data-e-type=\"container\">\n\t\t\t\t\t<div class=\"e-con-inner\">\n\t\t\t\t<div class=\"elementor-element elementor-element-8bf1c9a elementor-widget elementor-widget-heading\" data-id=\"8bf1c9a\" data-element_type=\"widget\" data-e-type=\"widget\" data-widget_type=\"heading.default\">\n\t\t\t\t<div class=\"elementor-widget-container\">\n\t\t\t\t\t<h1 class=\"elementor-heading-title elementor-size-default\">Mindset \u00d6\u011fretim Program\u0131\u200b<\/h1>\t\t\t\t<\/div>\n\t\t\t\t<\/div>\n\t\t\t\t\t<\/div>\n\t\t\t\t<\/div>\n\t\t\t\t\t<\/div>\n\t\t\t\t<\/div>\n\t\t<div class=\"elementor-element elementor-element-76ff072e e-flex e-con-boxed e-con e-parent\" data-id=\"76ff072e\" data-element_type=\"container\" data-e-type=\"container\">\n\t\t\t\t\t<div class=\"e-con-inner\">\n\t\t<div class=\"elementor-element elementor-element-59de1619 e-grid e-con-boxed e-con e-child\" data-id=\"59de1619\" data-element_type=\"container\" data-e-type=\"container\">\n\t\t\t\t\t<div class=\"e-con-inner\">\n\t\t<a class=\"eael-wrapper-link-8eb1e7a --eael-wrapper-link-tag\" href=\"https:\/\/wouldyoumindset.com\/wp-content\/uploads\/2024\/12\/katalog-tr.pdf?_t=1735157732\"><\/a><div data-eael-wrapper-link=\"eael-wrapper-link-8eb1e7a\" class=\"elementor-element elementor-element-8eb1e7a e-con-full e-flex e-con e-child\" data-id=\"8eb1e7a\" data-element_type=\"container\" data-e-type=\"container\">\n\t\t\t\t<div class=\"elementor-element elementor-element-07da217 elementor-widget elementor-widget-image\" data-id=\"07da217\" data-element_type=\"widget\" data-e-type=\"widget\" data-widget_type=\"image.default\">\n\t\t\t\t<div class=\"elementor-widget-container\">\n\t\t\t\t\t\t\t\t\t\t\t\t\t\t\t<img decoding=\"async\" width=\"56\" height=\"64\" src=\"https:\/\/wouldyoumindset.com\/wp-content\/uploads\/2024\/03\/logo.svg\" class=\"attachment-medium size-medium wp-image-5014\" alt=\"\" \/>\t\t\t\t\t\t\t\t\t\t\t\t\t\t\t<\/div>\n\t\t\t\t<\/div>\n\t\t\t\t<div class=\"elementor-element elementor-element-3d79aef elementor-widget__width-inherit elementor-widget elementor-widget-heading\" data-id=\"3d79aef\" data-element_type=\"widget\" data-e-type=\"widget\" data-widget_type=\"heading.default\">\n\t\t\t\t<div class=\"elementor-widget-container\">\n\t\t\t\t\t<h2 class=\"elementor-heading-title elementor-size-default\"><a href=\"https:\/\/wouldyoumindset.com\/wp-content\/uploads\/2024\/12\/katalog-tr.pdf?_t=1735157732\">Mindset \u00d6\u011fretim Program\u0131 - TR   \ud83c\uddf9\ud83c\uddf7<\/a><\/h2>\t\t\t\t<\/div>\n\t\t\t\t<\/div>\n\t\t\t\t<\/div>\n\t\t<a class=\"eael-wrapper-link-5c61d63 --eael-wrapper-link-tag\" href=\"https:\/\/wouldyoumindset.com\/wp-content\/uploads\/2024\/12\/katalog-tr.pdf?_t=1735157732\"><\/a><div data-eael-wrapper-link=\"eael-wrapper-link-5c61d63\" class=\"elementor-element elementor-element-5c61d63 e-con-full e-flex e-con e-child\" data-id=\"5c61d63\" data-element_type=\"container\" data-e-type=\"container\">\n\t\t\t\t<div class=\"elementor-element elementor-element-8e51cd8 elementor-widget elementor-widget-image\" data-id=\"8e51cd8\" data-element_type=\"widget\" data-e-type=\"widget\" data-widget_type=\"image.default\">\n\t\t\t\t<div class=\"elementor-widget-container\">\n\t\t\t\t\t\t\t\t\t\t\t\t\t\t\t<img decoding=\"async\" width=\"56\" height=\"64\" src=\"https:\/\/wouldyoumindset.com\/wp-content\/uploads\/2024\/03\/logo.svg\" class=\"attachment-medium size-medium wp-image-5014\" alt=\"\" \/>\t\t\t\t\t\t\t\t\t\t\t\t\t\t\t<\/div>\n\t\t\t\t<\/div>\n\t\t\t\t<div class=\"elementor-element elementor-element-9144ce8 elementor-widget__width-inherit elementor-widget elementor-widget-heading\" data-id=\"9144ce8\" data-element_type=\"widget\" data-e-type=\"widget\" data-widget_type=\"heading.default\">\n\t\t\t\t<div class=\"elementor-widget-container\">\n\t\t\t\t\t<h2 class=\"elementor-heading-title elementor-size-default\"><a href=\"https:\/\/wouldyoumindset.com\/wp-content\/uploads\/2024\/12\/katalog-tr.pdf?_t=1735157732\"> Mindset Curriculum - EN   \ud83c\uddec\ud83c\udde7<\/a><\/h2>\t\t\t\t<\/div>\n\t\t\t\t<\/div>\n\t\t\t\t<\/div>\n\t\t<a class=\"eael-wrapper-link-ae7aeab --eael-wrapper-link-tag\" href=\"https:\/\/wouldyoumindset.com\/wp-content\/uploads\/2024\/12\/katalog-it.pdf?_t=1735157732\"><\/a><div data-eael-wrapper-link=\"eael-wrapper-link-ae7aeab\" class=\"elementor-element elementor-element-ae7aeab e-con-full e-flex e-con e-child\" data-id=\"ae7aeab\" data-element_type=\"container\" data-e-type=\"container\">\n\t\t\t\t<div class=\"elementor-element elementor-element-5f66d1f elementor-widget elementor-widget-image\" data-id=\"5f66d1f\" data-element_type=\"widget\" data-e-type=\"widget\" data-widget_type=\"image.default\">\n\t\t\t\t<div class=\"elementor-widget-container\">\n\t\t\t\t\t\t\t\t\t\t\t\t\t\t\t<img decoding=\"async\" width=\"56\" height=\"64\" src=\"https:\/\/wouldyoumindset.com\/wp-content\/uploads\/2024\/03\/logo.svg\" class=\"attachment-medium size-medium wp-image-5014\" alt=\"\" \/>\t\t\t\t\t\t\t\t\t\t\t\t\t\t\t<\/div>\n\t\t\t\t<\/div>\n\t\t\t\t<div class=\"elementor-element elementor-element-fc400a1 elementor-widget__width-inherit elementor-widget elementor-widget-heading\" data-id=\"fc400a1\" data-element_type=\"widget\" data-e-type=\"widget\" data-widget_type=\"heading.default\">\n\t\t\t\t<div class=\"elementor-widget-container\">\n\t\t\t\t\t<h2 class=\"elementor-heading-title elementor-size-default\"><a href=\"https:\/\/wouldyoumindset.com\/wp-content\/uploads\/2024\/12\/katalog-it.pdf?_t=1735157732\">Programma Di Insegnamento Sul Mindset - IT   \ud83c\uddee\ud83c\uddf9<\/a><\/h2>\t\t\t\t<\/div>\n\t\t\t\t<\/div>\n\t\t\t\t<\/div>\n\t\t<a class=\"eael-wrapper-link-058d3c7 --eael-wrapper-link-tag\" href=\"https:\/\/wouldyoumindset.com\/wp-content\/uploads\/2024\/12\/katalog-sp.pdf?_t=1735152928\"><\/a><div data-eael-wrapper-link=\"eael-wrapper-link-058d3c7\" class=\"elementor-element elementor-element-058d3c7 e-con-full e-flex e-con e-child\" data-id=\"058d3c7\" data-element_type=\"container\" data-e-type=\"container\">\n\t\t\t\t<div class=\"elementor-element elementor-element-0cab9d9 elementor-widget elementor-widget-image\" data-id=\"0cab9d9\" data-element_type=\"widget\" data-e-type=\"widget\" data-widget_type=\"image.default\">\n\t\t\t\t<div class=\"elementor-widget-container\">\n\t\t\t\t\t\t\t\t\t\t\t\t\t\t\t<img decoding=\"async\" width=\"56\" height=\"64\" src=\"https:\/\/wouldyoumindset.com\/wp-content\/uploads\/2024\/03\/logo.svg\" class=\"attachment-medium size-medium wp-image-5014\" alt=\"\" \/>\t\t\t\t\t\t\t\t\t\t\t\t\t\t\t<\/div>\n\t\t\t\t<\/div>\n\t\t\t\t<div class=\"elementor-element elementor-element-f2eba1f elementor-widget__width-inherit elementor-widget elementor-widget-heading\" data-id=\"f2eba1f\" data-element_type=\"widget\" data-e-type=\"widget\" data-widget_type=\"heading.default\">\n\t\t\t\t<div class=\"elementor-widget-container\">\n\t\t\t\t\t<h2 class=\"elementor-heading-title elementor-size-default\"><a href=\"https:\/\/wouldyoumindset.com\/wp-content\/uploads\/2024\/12\/katalog-sp.pdf?_t=1735152928\">Programa De Ense\u00f1anza Sobre El Mindset - ES   \ud83c\uddea\ud83c\uddf8<\/a><\/h2>\t\t\t\t<\/div>\n\t\t\t\t<\/div>\n\t\t\t\t<\/div>\n\t\t<a class=\"eael-wrapper-link-c27085e --eael-wrapper-link-tag\" href=\"https:\/\/wouldyoumindset.com\/wp-content\/uploads\/2024\/12\/katalog-fi.pdf?_t=1736981447\"><\/a><div data-eael-wrapper-link=\"eael-wrapper-link-c27085e\" class=\"elementor-element elementor-element-c27085e e-con-full e-flex e-con e-child\" data-id=\"c27085e\" data-element_type=\"container\" data-e-type=\"container\">\n\t\t\t\t<div class=\"elementor-element elementor-element-f954d7f elementor-widget elementor-widget-image\" data-id=\"f954d7f\" data-element_type=\"widget\" data-e-type=\"widget\" data-widget_type=\"image.default\">\n\t\t\t\t<div class=\"elementor-widget-container\">\n\t\t\t\t\t\t\t\t\t\t\t\t\t\t\t<img decoding=\"async\" width=\"56\" height=\"64\" src=\"https:\/\/wouldyoumindset.com\/wp-content\/uploads\/2024\/03\/logo.svg\" class=\"attachment-medium size-medium wp-image-5014\" alt=\"\" \/>\t\t\t\t\t\t\t\t\t\t\t\t\t\t\t<\/div>\n\t\t\t\t<\/div>\n\t\t\t\t<div class=\"elementor-element elementor-element-d91d55c elementor-widget__width-inherit elementor-widget elementor-widget-heading\" data-id=\"d91d55c\" data-element_type=\"widget\" data-e-type=\"widget\" data-widget_type=\"heading.default\">\n\t\t\t\t<div class=\"elementor-widget-container\">\n\t\t\t\t\t<h2 class=\"elementor-heading-title elementor-size-default\"><a href=\"https:\/\/wouldyoumindset.com\/wp-content\/uploads\/2024\/12\/katalog-fi.pdf?_t=1736981447\">Ajattelutavan Opetusohjelma - F\u0130   \ud83c\uddeb\ud83c\uddee<\/a><\/h2>\t\t\t\t<\/div>\n\t\t\t\t<\/div>\n\t\t\t\t<\/div>\n\t\t\t\t\t<\/div>\n\t\t\t\t<\/div>\n\t\t\t\t\t<\/div>\n\t\t\t\t<\/div>\n\t\t\t\t<\/div>","protected":false},"excerpt":{"rendered":"<p>Mindset \u00d6\u011fretim Program\u0131\u200b Mindset \u00d6\u011fretim Program\u0131 &#8211; TR \ud83c\uddf9\ud83c\uddf7 Mindset Curriculum &#8211; EN \ud83c\uddec\ud83c\udde7 Programma Di Insegnamento Sul Mindset &#8211; IT \ud83c\uddee\ud83c\uddf9 Programa De Ense\u00f1anza Sobre El Mindset &#8211; ES \ud83c\uddea\ud83c\uddf8 Ajattelutavan Opetusohjelma &#8211; F\u0130 \ud83c\uddeb\ud83c\uddee<\/p>","protected":false},"author":1,"featured_media":0,"parent":0,"menu_order":0,"comment_status":"closed","ping_status":"closed","template":"","meta":{"_eb_attr":"","footnotes":""},"class_list":["post-1647","page","type-page","status-publish","hentry"],"_links":{"self":[{"href":"https:\/\/wouldyoumindset.com\/en\/wp-json\/wp\/v2\/pages\/1647","targetHints":{"allow":["GET"]}}],"collection":[{"href":"https:\/\/wouldyoumindset.com\/en\/wp-json\/wp\/v2\/pages"}],"about":[{"href":"https:\/\/wouldyoumindset.com\/en\/wp-json\/wp\/v2\/types\/page"}],"author":[{"embeddable":true,"href":"https:\/\/wouldyoumindset.com\/en\/wp-json\/wp\/v2\/users\/1"}],"replies":[{"embeddable":true,"href":"https:\/\/wouldyoumindset.com\/en\/wp-json\/wp\/v2\/comments?post=1647"}],"version-history":[{"count":25,"href":"https:\/\/wouldyoumindset.com\/en\/wp-json\/wp\/v2\/pages\/1647\/revisions"}],"predecessor-version":[{"id":5073,"href":"https:\/\/wouldyoumindset.com\/en\/wp-json\/wp\/v2\/pages\/1647\/revisions\/5073"}],"wp:attachment":[{"href":"https:\/\/wouldyoumindset.com\/en\/wp-json\/wp\/v2\/media?parent=1647"}],"curies":[{"name":"wp","href":"https:\/\/api.w.org\/{rel}","templated":true}]}}